{"id":7363,"date":"2025-11-25T18:00:50","date_gmt":"2025-11-25T16:00:50","guid":{"rendered":"https:\/\/www.alizegl.com\/?page_id=7363"},"modified":"2025-11-25T18:41:15","modified_gmt":"2025-11-25T16:41:15","slug":"nos-valeurs","status":"publish","type":"page","link":"https:\/\/www.alizegl.com\/index.php\/nos-valeurs\/","title":{"rendered":"Nos valeurs"},"content":{"rendered":"\n<div class=\"wp-block-group has-global-padding is-layout-constrained wp-container-core-group-is-layout-3a820303 wp-block-group-is-layout-constrained\" style=\"padding-right:var(--wp--preset--spacing--small);padding-left:var(--wp--preset--spacing--small)\">\n<div style=\"height:134px\" aria-hidden=\"true\" class=\"wp-block-spacer\"><\/div>\n\n\n\n<h2 class=\"wp-block-heading has-large-font-size\" id=\"inspiro-is-a-digital-product-agency-that-focuses-on-strategy-and-design\" style=\"font-style:normal;font-weight:100\"><em>\u00ab\u00a0When your values are clear to you, making decisions becomes easier.\u00a0\u00bb<\/em><\/h2>\n\n\n\n<p class=\"has-text-align-right has-medium-font-size\">Roy E. Disney<br><\/p>\n\n\n\n<div style=\"height:52px\" aria-hidden=\"true\" class=\"wp-block-spacer\"><\/div>\n\n\n\n<h2 class=\"wp-block-heading has-secondary-color has-text-color has-link-color wp-elements-cc4ad933382d36d75db5011584593d15\">Notre engagement envers nos valeurs<\/h2>\n\n\n\n<p>Chez Aliz\u00e9 Global Logistics, nos valeurs fondamentales sont le cap qui guide chacune de nos d\u00e9cisions. Elles assurent que l&rsquo;ensemble de notre \u00e9quipe, des op\u00e9rations \u00e0 la direction, travaille en parfait alignement interne et partage un engagement commun pour l&rsquo;excellence. En respectant rigoureusement ces principes, nous garantissons un service toujours efficace, professionnel et fiable, ce qui nous permet de construire des partenariats durables bas\u00e9s sur une confiance client solide.<\/p>\n\n\n\n<div style=\"height:56px\" aria-hidden=\"true\" class=\"wp-block-spacer\"><\/div>\n\n\n\n<div class=\"wp-block-columns is-layout-flex wp-container-core-columns-is-layout-28f84493 wp-block-columns-is-layout-flex\">\n<div class=\"wp-block-column is-layout-flow wp-block-column-is-layout-flow\">\n<figure class=\"wp-block-image size-large\"><img loading=\"lazy\" decoding=\"async\" width=\"1024\" height=\"683\" src=\"https:\/\/www.alizegl.com\/wp-content\/uploads\/2025\/11\/pexels-pixabay-33703-1024x683.jpg\" alt=\"\" class=\"wp-image-7249\" srcset=\"https:\/\/www.alizegl.com\/wp-content\/uploads\/2025\/11\/pexels-pixabay-33703-1024x683.jpg 1024w, https:\/\/www.alizegl.com\/wp-content\/uploads\/2025\/11\/pexels-pixabay-33703-300x200.jpg 300w, https:\/\/www.alizegl.com\/wp-content\/uploads\/2025\/11\/pexels-pixabay-33703-2000x1333.jpg 2000w, https:\/\/www.alizegl.com\/wp-content\/uploads\/2025\/11\/pexels-pixabay-33703-600x400.jpg 600w, https:\/\/www.alizegl.com\/wp-content\/uploads\/2025\/11\/pexels-pixabay-33703-1200x800.jpg 1200w\" sizes=\"auto, (max-width: 1024px) 100vw, 1024px\" \/><\/figure>\n\n\n\n<h3 class=\"wp-block-heading has-black-color has-text-color has-medium-font-size\"><strong>Excellence<\/strong><\/h3>\n\n\n\n<p class=\"has-text-color\" style=\"color:#7a7a7a\">L&rsquo;excellence est notre mode op\u00e9ratoire. Nous v\u00e9rifions et affinons chaque d\u00e9tail de votre processus d&rsquo;exp\u00e9dition pour vous fournir des r\u00e9sultats <strong>impeccables et fiables<\/strong>. Nous visons \u00e0 \u00eatre toujours meilleurs que les normes de l&rsquo;industrie, vous assurant de recevoir le service logistique de la plus haute qualit\u00e9.<\/p>\n<\/div>\n\n\n\n<div class=\"wp-block-column is-layout-flow wp-block-column-is-layout-flow\">\n<figure class=\"wp-block-image size-large\"><img loading=\"lazy\" decoding=\"async\" width=\"1024\" height=\"680\" src=\"https:\/\/www.alizegl.com\/wp-content\/uploads\/2025\/11\/pexels-daniel-reche-718241-1556704-1024x680.jpg\" alt=\"\" class=\"wp-image-7252\" srcset=\"https:\/\/www.alizegl.com\/wp-content\/uploads\/2025\/11\/pexels-daniel-reche-718241-1556704-1024x680.jpg 1024w, https:\/\/www.alizegl.com\/wp-content\/uploads\/2025\/11\/pexels-daniel-reche-718241-1556704-300x199.jpg 300w, https:\/\/www.alizegl.com\/wp-content\/uploads\/2025\/11\/pexels-daniel-reche-718241-1556704-2000x1328.jpg 2000w\" sizes=\"auto, (max-width: 1024px) 100vw, 1024px\" \/><\/figure>\n\n\n\n<h3 class=\"wp-block-heading has-black-color has-text-color has-medium-font-size\"><strong>Cr\u00e9ativit\u00e9<\/strong><\/h3>\n\n\n\n<p class=\"has-text-color\" style=\"color:#7a7a7a\">La cr\u00e9ativit\u00e9 nous permet d&rsquo;am\u00e9liorer constamment nos m\u00e9thodes de travail. Nous faisons appel \u00e0 de nouvelles id\u00e9es et \u00e0 un esprit <strong>flexible<\/strong> pour identifier les meilleures solutions qui diminuent les erreurs et <strong>optimisent le temps<\/strong>. Nous fusionnons notre savoir-faire \u00e9tabli avec une r\u00e9flexion innovante pour vous garantir un service toujours qualitatif.<\/p>\n<\/div>\n\n\n\n<div class=\"wp-block-column is-layout-flow wp-block-column-is-layout-flow\">\n<figure class=\"wp-block-image size-large\"><img loading=\"lazy\" decoding=\"async\" width=\"1024\" height=\"680\" src=\"https:\/\/www.alizegl.com\/wp-content\/uploads\/2025\/11\/pexels-andrejcook-131735-1024x680.jpg\" alt=\"\" class=\"wp-image-7251\" srcset=\"https:\/\/www.alizegl.com\/wp-content\/uploads\/2025\/11\/pexels-andrejcook-131735-1024x680.jpg 1024w, https:\/\/www.alizegl.com\/wp-content\/uploads\/2025\/11\/pexels-andrejcook-131735-300x199.jpg 300w, https:\/\/www.alizegl.com\/wp-content\/uploads\/2025\/11\/pexels-andrejcook-131735-2000x1329.jpg 2000w\" sizes=\"auto, (max-width: 1024px) 100vw, 1024px\" \/><\/figure>\n\n\n\n<h3 class=\"wp-block-heading has-black-color has-text-color has-medium-font-size\"><strong>Fiabilit\u00e9<\/strong><\/h3>\n\n\n\n<p class=\"has-text-color\" style=\"color:#7a7a7a\">La fiabilit\u00e9 est notre engagement constant. Gr\u00e2ce \u00e0 notre \u00e9quipe d&rsquo;experts et \u00e0 la solidit\u00e9 de notre r\u00e9seau, nous tenons nos promesses. Nous vous offrons un service fluide et <strong>digne de confiance<\/strong> qui vous procure une totale assurance concernant votre cha\u00eene d&rsquo;approvisionnement.<\/p>\n<\/div>\n<\/div>\n\n\n\n<div style=\"height:100px\" aria-hidden=\"true\" class=\"wp-block-spacer\"><\/div>\n\n\n\n<div class=\"wp-block-columns are-vertically-aligned-center is-layout-flex wp-container-core-columns-is-layout-cbe57604 wp-block-columns-is-layout-flex\">\n<div class=\"wp-block-column is-vertically-aligned-center is-layout-flow wp-block-column-is-layout-flow\">\n<h2 class=\"wp-block-heading alignfull has-secondary-color has-text-color has-link-color wp-elements-bf684128d8ce3d49b0c30c39913faa91\">Aliz\u00e9 Global Logistics<\/h2>\n\n\n\n<p>Le nom <strong>Aliz\u00e9 Global Logistics<\/strong> a \u00e9t\u00e9 choisi car il incarne avec force notre engagement envers la fiabilit\u00e9.<\/p>\n\n\n\n<p>L&rsquo;Aliz\u00e9 est le nom historique d&rsquo;un vent stable et pr\u00e9visible soufflant d&rsquo;est en ouest, connu depuis des si\u00e8cles comme un facilitateur essentiel du commerce et de la navigation oc\u00e9aniques.<\/p>\n\n\n\n<p>Ce choix honore nos racines fran\u00e7aises tout en signalant explicitement la stabilit\u00e9 et la confiance \u00e0 tous nos partenaires internationaux.<\/p>\n<\/div>\n\n\n\n<div class=\"wp-block-column is-vertically-aligned-center is-layout-flow wp-block-column-is-layout-flow\">\n<figure class=\"wp-block-image size-full is-resized has-custom-border\"><img loading=\"lazy\" decoding=\"async\" width=\"1182\" height=\"676\" src=\"https:\/\/www.alizegl.com\/wp-content\/uploads\/2025\/11\/medieval_ship_at_sea_without_crew_by_daveyai_dg9m5sx-pre.jpg\" alt=\"\" class=\"wp-image-7248\" style=\"border-style:none;border-width:0px;border-radius:100em;aspect-ratio:1;object-fit:cover;width:416px;height:auto\" srcset=\"https:\/\/www.alizegl.com\/wp-content\/uploads\/2025\/11\/medieval_ship_at_sea_without_crew_by_daveyai_dg9m5sx-pre.jpg 1182w, https:\/\/www.alizegl.com\/wp-content\/uploads\/2025\/11\/medieval_ship_at_sea_without_crew_by_daveyai_dg9m5sx-pre-300x172.jpg 300w, https:\/\/www.alizegl.com\/wp-content\/uploads\/2025\/11\/medieval_ship_at_sea_without_crew_by_daveyai_dg9m5sx-pre-1024x586.jpg 1024w\" sizes=\"auto, (max-width: 1182px) 100vw, 1182px\" \/><\/figure>\n<\/div>\n<\/div>\n\n\n\n<div class=\"wp-block-group alignfull has-global-padding is-layout-constrained wp-container-core-group-is-layout-e220c6fd wp-block-group-is-layout-constrained\" style=\"margin-top:0;margin-bottom:0;padding-top:calc( 0.5 * var(--wp--style--root--padding-right, var(--wp--custom--gap--horizontal)));padding-right:var(--wp--style--root--padding-right, var(--wp--custom--gap--horizontal));padding-bottom:calc( 0.5 * var(--wp--style--root--padding-right, var(--wp--custom--gap--horizontal)));padding-left:var(--wp--style--root--padding-left, var(--wp--custom--gap--horizontal))\">\n<div style=\"height:calc( 0.25 * var(--wp--style--root--padding-right, var(--wp--custom--gap--horizontal)))\" aria-hidden=\"true\" class=\"wp-block-spacer\"><\/div>\n\n\n\n<div style=\"height:calc( 0.25 * var(--wp--style--root--padding-right, var(--wp--custom--gap--horizontal)))\" aria-hidden=\"true\" class=\"wp-block-spacer\"><\/div>\n<\/div>\n\n\n\n<div style=\"height:100px\" aria-hidden=\"true\" class=\"wp-block-spacer\"><\/div>\n<\/div>\n\n\n\n<div class=\"wp-block-group alignfull has-global-padding is-content-justification-center is-layout-constrained wp-container-core-group-is-layout-df757ecc wp-block-group-is-layout-constrained\" style=\"margin-top:0;margin-bottom:0;padding-top:calc( 0.5 * var(--wp--style--root--padding-right, var(--wp--custom--gap--horizontal)));padding-right:var(--wp--style--root--padding-right, var(--wp--custom--gap--horizontal));padding-bottom:calc( 0.5 * var(--wp--style--root--padding-right, var(--wp--custom--gap--horizontal)));padding-left:var(--wp--style--root--padding-left, var(--wp--custom--gap--horizontal))\">\n<div style=\"height:calc( 0.25 * var(--wp--style--root--padding-right, var(--wp--custom--gap--horizontal)))\" aria-hidden=\"true\" class=\"wp-block-spacer\"><\/div>\n\n\n\n<div class=\"wp-block-columns alignwide is-layout-flex wp-container-core-columns-is-layout-c6809a2b wp-block-columns-is-layout-flex\">\n<div class=\"wp-block-column is-layout-flow wp-block-column-is-layout-flow\" style=\"flex-basis:20%\"><\/div>\n\n\n\n<div class=\"wp-block-column has-global-padding is-layout-constrained wp-block-column-is-layout-constrained\">\n<h2 class=\"wp-block-heading has-text-align-center has-large-font-size\">Un mot de notre pr\u00e9sident<\/h2>\n\n\n\n<p class=\"has-text-align-center\">\u00ab\u00a0<em>La r\u00e9putation d&rsquo;une soci\u00e9t\u00e9 de logistique est la meilleure mesure de sa valeur. Je m&rsquo;engage personnellement \u00e0 faire cro\u00eetre et \u00e0 prot\u00e9ger cet actif en garantissant que chaque fonction et chaque collaborateur respecte rigoureusement les valeurs fondatrices de notre entreprise.<br><\/em>\u00ab\u00a0<\/p>\n\n\n\n<div style=\"height:calc( 0.25 * var(--wp--style--root--padding-right, var(--wp--custom--gap--horizontal)))\" aria-hidden=\"true\" class=\"wp-block-spacer\"><\/div>\n\n\n\n<div class=\"wp-block-group is-vertical is-content-justification-center is-layout-flex wp-container-core-group-is-layout-ce155fab wp-block-group-is-layout-flex\">\n<figure class=\"wp-block-image size-full is-resized has-custom-border\"><img decoding=\"async\" src=\"https:\/\/s2.wp.com\/i\/woo-block-patterns\/2024\/06\/portrait.png\" alt=\"\" class=\"wp-image-107\" style=\"border-radius:100px;object-fit:cover;width:123px;height:auto\"\/><\/figure>\n\n\n\n<div class=\"wp-block-group is-layout-flow wp-container-core-group-is-layout-ce02884d wp-block-group-is-layout-flow\">\n<h3 class=\"wp-block-heading has-text-align-center has-medium-font-size\">Aiping WU<\/h3>\n\n\n\n<p class=\"has-text-align-center has-small-font-size\">PDG d&rsquo;Aliz\u00e9 Global Logistics<\/p>\n<\/div>\n<\/div>\n<\/div>\n\n\n\n<div class=\"wp-block-column is-layout-flow wp-block-column-is-layout-flow\" style=\"flex-basis:20%\"><\/div>\n<\/div>\n\n\n\n<div style=\"height:calc( 0.25 * var(--wp--style--root--padding-right, var(--wp--custom--gap--horizontal)))\" aria-hidden=\"true\" class=\"wp-block-spacer\"><\/div>\n<\/div>\n\n\n\n<div style=\"height:100px\" aria-hidden=\"true\" class=\"wp-block-spacer\"><\/div>\n","protected":false},"excerpt":{"rendered":"<p>\u00ab\u00a0When your values are clear to you, making decisions becomes easier.\u00a0\u00bb Roy E. Disney Notre engagement envers nos valeurs Chez Aliz\u00e9 Global Logistics, nos valeurs fondamentales sont le cap qui guide chacune de nos d\u00e9cisions. Elles assurent que l&rsquo;ensemble de notre \u00e9quipe, des op\u00e9rations \u00e0 la direction, travaille en parfait alignement interne et partage un &hellip; <\/p>\n<p class=\"link-more\"><a href=\"https:\/\/www.alizegl.com\/index.php\/nos-valeurs\/\" class=\"more-link\">Lire la suite de<span class=\"screen-reader-text\">\u00ab\u00a0Nos valeurs\u00a0\u00bb<\/span><\/a><\/p>\n","protected":false},"author":1,"featured_media":0,"parent":0,"menu_order":0,"comment_status":"closed","ping_status":"closed","template":"page-templates\/full-width-no-title.php","meta":{"footnotes":""},"class_list":["post-7363","page","type-page","status-publish","hentry"],"featured_media_urls":[],"_links":{"self":[{"href":"https:\/\/www.alizegl.com\/index.php\/wp-json\/wp\/v2\/pages\/7363","targetHints":{"allow":["GET"]}}],"collection":[{"href":"https:\/\/www.alizegl.com\/index.php\/wp-json\/wp\/v2\/pages"}],"about":[{"href":"https:\/\/www.alizegl.com\/index.php\/wp-json\/wp\/v2\/types\/page"}],"author":[{"embeddable":true,"href":"https:\/\/www.alizegl.com\/index.php\/wp-json\/wp\/v2\/users\/1"}],"replies":[{"embeddable":true,"href":"https:\/\/www.alizegl.com\/index.php\/wp-json\/wp\/v2\/comments?post=7363"}],"version-history":[{"count":6,"href":"https:\/\/www.alizegl.com\/index.php\/wp-json\/wp\/v2\/pages\/7363\/revisions"}],"predecessor-version":[{"id":7391,"href":"https:\/\/www.alizegl.com\/index.php\/wp-json\/wp\/v2\/pages\/7363\/revisions\/7391"}],"wp:attachment":[{"href":"https:\/\/www.alizegl.com\/index.php\/wp-json\/wp\/v2\/media?parent=7363"}],"curies":[{"name":"wp","href":"https:\/\/api.w.org\/{rel}","templated":true}]}}