{"id":7355,"date":"2025-11-25T17:51:34","date_gmt":"2025-11-25T15:51:34","guid":{"rendered":"https:\/\/www.alizegl.com\/?page_id=7355"},"modified":"2025-11-26T19:19:59","modified_gmt":"2025-11-26T17:19:59","slug":"qui-sommes-nous","status":"publish","type":"page","link":"https:\/\/www.alizegl.com\/index.php\/qui-sommes-nous\/","title":{"rendered":"Qui sommes-nous ?"},"content":{"rendered":"\n<div class=\"wp-block-group is-style-default has-global-padding is-layout-constrained wp-container-core-group-is-layout-02ab25f7 wp-block-group-is-layout-constrained\" style=\"padding-top:60px;padding-bottom:60px;padding-left:0\">\n<div class=\"wp-block-group has-global-padding is-layout-constrained wp-block-group-is-layout-constrained\">\n<div class=\"wp-block-columns is-layout-flex wp-container-core-columns-is-layout-d7d455e7 wp-block-columns-is-layout-flex\" style=\"padding-top:0;padding-right:0;padding-bottom:0;padding-left:0\">\n<div class=\"wp-block-column is-vertically-aligned-top is-layout-flow wp-block-column-is-layout-flow\" style=\"flex-basis:50%\">\n<figure class=\"wp-block-image alignright size-large\"><img decoding=\"async\" src=\"https:\/\/demo.wpzoom.com\/inspiro-lite-blocks-xml\/wp-content\/themes\/inspiro-lite\/assets\/images\/Group-4.png\" alt=\"\" class=\"wp-image-5631\"\/><\/figure>\n<\/div>\n\n\n\n<div class=\"wp-block-column is-vertically-aligned-center is-layout-flow wp-block-column-is-layout-flow\" style=\"padding-left:var(--wp--preset--spacing--80);flex-basis:50%\">\n<h2 class=\"wp-block-heading has-text-color\" style=\"color:#0bb4aa\">NOTRE HISTOIRE<\/h2>\n\n\n\n<h2 class=\"wp-block-heading has-large-font-size\">L&rsquo;ambition de faire les choses diff\u00e9remment<\/h2>\n\n\n\n<p>Aliz\u00e9 Global Logistics est n\u00e9 de l&rsquo;ambition de trois fondateurs, ayant baign\u00e9 dans des familles de logisticiens depuis leur plus jeune \u00e2ge. Leur approche est singuli\u00e8re : allier des d\u00e9cennies d&rsquo;exp\u00e9rience concr\u00e8te \u00e0 des id\u00e9es <strong>novatrices et audacieuses<\/strong> pour bousculer activement les conventions du secteur. Forts de leurs comp\u00e9tences compl\u00e9mentaires et d&rsquo;un vaste r\u00e9seau, ils sont d\u00e9termin\u00e9s \u00e0 apporter un <strong>vent de fra\u00eecheur<\/strong> dans l&rsquo;industrie, en combinant une expertise de confiance, des technologies de pointe et des solutions cr\u00e9atives.<br><\/p>\n<\/div>\n<\/div>\n<\/div>\n<\/div>\n\n\n\n<div class=\"wp-block-group has-global-padding is-layout-constrained wp-block-group-is-layout-constrained\">\n<div class=\"wp-block-group is-layout-flow wp-block-group-is-layout-flow\">\n<div style=\"height:100px\" aria-hidden=\"true\" class=\"wp-block-spacer\"><\/div>\n\n\n\n<h2 class=\"wp-block-heading has-text-align-center has-text-color\" style=\"color:#0bb4aa\">NOTRE VISION<\/h2>\n\n\n\n<h3 class=\"wp-block-heading has-text-align-center has-large-font-size\">D\u00e9finir un nouveau standard dans le commerce international en cr\u00e9ant des canaux logistiques fiables, tir\u00e9s par la technologie et optimis\u00e9s \u00e0 la perfection.<\/h3>\n\n\n\n<div style=\"height:173px\" aria-hidden=\"true\" class=\"wp-block-spacer\"><\/div>\n\n\n\n<h2 class=\"wp-block-heading has-secondary-color has-text-color has-link-color wp-elements-ea2515271c3b175cce1b0558bc512ce1\">COMMENT NOUS FAISONS LES CHOSES DIFFEREMMENT<\/h2>\n\n\n\n<div style=\"height:54px\" aria-hidden=\"true\" class=\"wp-block-spacer\"><\/div>\n\n\n\n<div class=\"wp-block-columns is-layout-flex wp-container-core-columns-is-layout-28f84493 wp-block-columns-is-layout-flex\">\n<div class=\"wp-block-column is-style-default is-layout-flow wp-block-column-is-layout-flow\" style=\"border-style:none;border-width:0px;padding-top:0;padding-right:0;padding-bottom:0;padding-left:0\">\n<div class=\"wp-block-outermost-icon-block aligncenter items-justified-left\"><div class=\"icon-container has-icon-color\" style=\"color:#0bb4aa;width:48px;transform:rotate(0deg) scaleX(1) scaleY(1)\"><svg fill=\"#000000\" width=\"800px\" height=\"800px\" viewBox=\"0 0 24 24\" id=\"star\" data-name=\"Flat Color\" xmlns=\"http:\/\/www.w3.org\/2000\/svg\" class=\"icon flat-color\"><path id=\"primary\" d=\"M22,9.81a1,1,0,0,0-.83-.69l-5.7-.78L12.88,3.53a1,1,0,0,0-1.76,0L8.57,8.34l-5.7.78a1,1,0,0,0-.82.69,1,1,0,0,0,.28,1l4.09,3.73-1,5.24A1,1,0,0,0,6.88,20.9L12,18.38l5.12,2.52a1,1,0,0,0,.44.1,1,1,0,0,0,1-1.18l-1-5.24,4.09-3.73A1,1,0,0,0,22,9.81Z\" style=\"fill:rgb(0, 0, 0)\"><\/path><\/svg><\/div><\/div>\n\n\n\n<h2 class=\"wp-block-heading\">Expertise<\/h2>\n\n\n\n<p>En tirant parti de notre vaste exp\u00e9rience logistique, notre \u00e9quipe con\u00e7oit avec pr\u00e9cision des solutions optimales sp\u00e9cifiquement adapt\u00e9es aux exigences uniques de votre industrie et de vos besoins op\u00e9rationnels.<\/p>\n<\/div>\n\n\n\n<div class=\"wp-block-column is-style-default is-layout-flow wp-block-column-is-layout-flow\" style=\"border-style:none;border-width:0px;padding-top:0;padding-right:0;padding-bottom:0;padding-left:0\">\n<div class=\"wp-block-outermost-icon-block aligncenter items-justified-left\"><div class=\"icon-container has-icon-color has-primary-color\" style=\"color:#101010;width:48px;transform:rotate(0deg) scaleX(1) scaleY(1)\"><svg fill=\"#000000\" height=\"800px\" width=\"800px\" version=\"1.1\" id=\"Icons\" xmlns=\"http:\/\/www.w3.org\/2000\/svg\" xmlns-xlink=\"http:\/\/www.w3.org\/1999\/xlink\" viewBox=\"0 0 32 32\" xml:space=\"preserve\"><path d=\"M29.9,17.5C29.7,17.2,29.4,17,29,17c-2.2,0-4.3,1-5.6,2.8L22.5,21c-1.1,1.3-2.8,2-4.5,2h-3c-0.6,0-1-0.4-1-1s0.4-1,1-1h1.9\n\tc1.6,0,3.1-1.3,3.1-2.9c0,0,0-0.1,0-0.1c0-0.5-0.5-1-1-1l-6.1,0c-3.6,0-6.5,1.6-8.1,4.2l-2.7,4.2c-0.2,0.3-0.2,0.7,0,1l3,5\n\tc0.1,0.2,0.4,0.4,0.6,0.5c0.1,0,0.1,0,0.2,0c0.2,0,0.4-0.1,0.6-0.2c3.8-2.5,8.2-3.8,12.7-3.8c3.3,0,6.3-1.8,7.9-4.7l2.7-4.8\n\tC30,18.2,30,17.8,29.9,17.5z\"><\/path><path d=\"M4.5,18c0.1,0,0.3,0,0.4,0c1.2-1.1,2.7-1.9,4.3-2.4C9.1,15.1,9,14.5,9,14c0-4.4,3.6-8,8-8s8,3.6,8,8c0,0.7-0.1,1.4-0.3,2.1\n\tC26,15.4,27.5,15,29,15c0.7,0,1.4,0.3,1.9,0.7C31,15.1,31,14.6,31,14c0-1.1-0.1-2.2-0.4-3.3c-0.1-0.5-0.6-0.8-1.1-0.8\n\tc-1.2,0.2-2.4-0.4-3-1.5c-0.6-1-0.5-2.4,0.2-3.3c0.3-0.4,0.3-1-0.1-1.3C25,2.3,23.1,1.2,21,0.6c-0.5-0.1-1,0.1-1.2,0.6\n\tC19.3,2.3,18.2,3,17,3s-2.3-0.7-2.8-1.8C14,0.7,13.5,0.4,13,0.6C10.9,1.2,9,2.3,7.4,3.9C7,4.2,7,4.8,7.3,5.2c0.7,1,0.8,2.3,0.2,3.3\n\tc-0.6,1-1.8,1.6-3,1.5c-0.5-0.1-1,0.3-1.1,0.8C3.1,11.8,3,12.9,3,14s0.1,2.2,0.4,3.3C3.5,17.8,4,18.1,4.5,18z\"><\/path><\/svg><\/div><\/div>\n\n\n\n<h2 class=\"wp-block-heading\">Technologie<\/h2>\n\n\n\n<p>Dans un secteur mature, notre plus grand facteur de diff\u00e9renciation r\u00e9side dans notre <strong>agilit\u00e9<\/strong> \u00e0 adopter de nouvelles technologies. En appliquant des m\u00e9thodologies innovantes et pertinentes, nous r\u00e9duisons significativement la variabilit\u00e9 et minimisons le potentiel d&rsquo;erreur humaine.<br><\/p>\n<\/div>\n\n\n\n<div class=\"wp-block-column is-style-default is-layout-flow wp-block-column-is-layout-flow\" style=\"border-style:none;border-width:0px;padding-top:0;padding-right:0;padding-bottom:0;padding-left:0\">\n<div class=\"wp-block-outermost-icon-block aligncenter items-justified-left\"><div class=\"icon-container has-icon-color has-primary-color\" style=\"color:#101010;width:48px;transform:rotate(0deg) scaleX(1) scaleY(1)\"><svg height=\"800px\" width=\"800px\" version=\"1.1\" id=\"Icons\" xmlns=\"http:\/\/www.w3.org\/2000\/svg\" xmlns-xlink=\"http:\/\/www.w3.org\/1999\/xlink\" viewBox=\"0 0 32 32\" xml:space=\"preserve\"><style type=\"text\/css\">\n\t.st0{fill:#FFFFFF;}\n<\/style><path d=\"M19.1,11.1c-0.1-0.2-0.3-0.3-0.4-0.3c-0.9,0.2-1.7,0-2-0.5c-0.3-0.5-0.1-1.3,0.6-2c0.1-0.1,0.1-0.4,0-0.5\n\tc-0.9-0.9-2-1.6-3.3-1.9c-0.2-0.1-0.4,0.1-0.5,0.3C13.2,7,12.6,7.6,12,7.6S10.8,7,10.5,6.1c-0.1-0.2-0.3-0.3-0.5-0.3\n\tc-1.3,0.3-2.4,1-3.3,1.9c-0.1,0.1-0.1,0.4,0,0.5c0.6,0.7,0.9,1.5,0.6,2c-0.3,0.5-1.1,0.7-2,0.5c-0.2,0-0.4,0.1-0.4,0.3\n\tc-0.2,0.6-0.3,1.3-0.3,1.9s0.1,1.3,0.3,1.9c0.1,0.2,0.3,0.3,0.4,0.3c0.9-0.2,1.7,0,2,0.5c0.3,0.5,0.1,1.3-0.6,2\n\tc-0.1,0.1-0.1,0.4,0,0.5c0.9,0.9,2,1.6,3.3,1.9c0,0,0.1,0,0.1,0c0.2,0,0.3-0.1,0.4-0.3c0.3-0.9,0.8-1.5,1.5-1.5s1.2,0.6,1.5,1.5\n\tc0.1,0.2,0.3,0.3,0.5,0.3c1.3-0.3,2.4-1,3.3-1.9c0.1-0.1,0.1-0.4,0-0.5c-0.6-0.7-0.9-1.5-0.6-2c0.3-0.5,1.1-0.7,2-0.5\n\tc0.2,0,0.4-0.1,0.4-0.3c0.2-0.6,0.3-1.3,0.3-1.9S19.3,11.7,19.1,11.1z M12.9,13.4c-0.1,0.1-0.1,0.2-0.2,0.3C12.5,13.9,12.3,14,12,14\n\tc-0.1,0-0.3,0-0.4-0.1c-0.1-0.1-0.2-0.1-0.3-0.2c-0.1-0.1-0.2-0.2-0.2-0.3c0-0.1-0.1-0.3-0.1-0.4c0-0.1,0-0.3,0.1-0.4\n\tc0.1-0.1,0.1-0.2,0.2-0.3c0.4-0.4,1-0.4,1.4,0c0.1,0.1,0.2,0.2,0.2,0.3c0,0.1,0.1,0.3,0.1,0.4C13,13.1,13,13.3,12.9,13.4z\"><\/path><path d=\"M28.9,17.6L26,11.8C25.9,6.4,21.4,2,16,2c-2.4,0-4.6,0.8-6.4,2.3C10.4,4.1,11.2,4,12,4c5,0,9,4,9,9c0,5-4,9-9,9\n\tc-1.1,0-2.1-0.2-3-0.5V27c0,0.5,0.3,0.9,0.8,1l10,2c0.1,0,0.1,0,0.2,0c0.2,0,0.5-0.1,0.6-0.2c0.2-0.2,0.4-0.5,0.4-0.8v-4h2\n\tc1.7,0,3-1.3,3-3v-3h2c0.3,0,0.7-0.2,0.9-0.5S29,17.9,28.9,17.6z\"><\/path><\/svg><\/div><\/div>\n\n\n\n<h2 class=\"wp-block-heading\">Ouverture d&rsquo;esprit<\/h2>\n\n\n\n<p>Lorsque nous sommes confront\u00e9s \u00e0 de nouvelles m\u00e9thodes ou \u00e0 la cr\u00e9ation de circuits logistiques, nous adoptons une approche <strong>ouverte et adaptable<\/strong>. Notre engagement en faveur de l&rsquo;optimisation continue nous pousse \u00e0 rechercher et \u00e0 saisir sans cesse les meilleures opportunit\u00e9s d&rsquo;efficacit\u00e9 et de service.<\/p>\n<\/div>\n<\/div>\n<\/div>\n<\/div>\n\n\n\n<div style=\"height:145px\" aria-hidden=\"true\" class=\"wp-block-spacer\"><\/div>\n\n\n\n<div id=\"team\" class=\"wp-block-group has-global-padding is-layout-constrained wp-block-group-is-layout-constrained\">\n<div class=\"wp-block-group is-layout-flow wp-block-group-is-layout-flow\">\n<div style=\"height:0px\" aria-hidden=\"true\" class=\"wp-block-spacer\"><\/div>\n\n\n\n<div style=\"height:0px\" aria-hidden=\"true\" class=\"wp-block-spacer\"><\/div>\n<\/div>\n<\/div>\n\n\n\n<div class=\"wp-block-group has-global-padding is-layout-constrained wp-block-group-is-layout-constrained\">\n<div class=\"wp-block-group is-layout-flow wp-block-group-is-layout-flow\">\n<div style=\"height:0px\" aria-hidden=\"true\" class=\"wp-block-spacer\"><\/div>\n\n\n\n<hr class=\"wp-block-separator has-text-color has-background-color has-alpha-channel-opacity has-background-background-color has-background is-style-wide\"\/>\n\n\n\n<div class=\"wp-block-columns are-vertically-aligned-center is-layout-flex wp-container-core-columns-is-layout-4ed999c3 wp-block-columns-is-layout-flex\" style=\"padding-top:var(--wp--preset--spacing--60);padding-bottom:var(--wp--preset--spacing--60);padding-left:0\">\n<div class=\"wp-block-column is-vertically-aligned-center has-global-padding is-content-justification-left is-layout-constrained wp-container-core-column-is-layout-12dd3699 wp-block-column-is-layout-constrained\" style=\"flex-basis:66.66%\">\n<h2 class=\"wp-block-heading\">Vous souhaitez rejoindre notre \u00e9quipe ?<\/h2>\n\n\n\n<p>D\u00e9sireux de vous joindre \u00e0 l&rsquo;\u00e9quipe Aliz\u00e9 Global Logistics ? Nous vous invitons \u00e0 nous soumettre votre candidature. Toutes les postulations sont prises en consid\u00e9ration et examin\u00e9es avec une attention m\u00e9ticuleuse par notre \u00e9quipe de direction.<\/p>\n<\/div>\n\n\n\n<div class=\"wp-block-column is-vertically-aligned-center is-layout-flow wp-block-column-is-layout-flow\" style=\"flex-basis:33.33%\">\n<div class=\"wp-block-buttons is-content-justification-right is-layout-flex wp-container-core-buttons-is-layout-d445cf74 wp-block-buttons-is-layout-flex\">\n<div class=\"wp-block-button\"><a class=\"wp-block-button__link has-primary-background-color has-background wp-element-button\" href=\"https:\/\/www.alizegl.com\/index.php\/contact-fr\/\">NOUS CONTACTER<\/a><\/div>\n<\/div>\n<\/div>\n<\/div>\n<\/div>\n<\/div>\n","protected":false},"excerpt":{"rendered":"<p>NOTRE HISTOIRE L&rsquo;ambition de faire les choses diff\u00e9remment Aliz\u00e9 Global Logistics est n\u00e9 de l&rsquo;ambition de trois fondateurs, ayant baign\u00e9 dans des familles de logisticiens depuis leur plus jeune \u00e2ge. Leur approche est singuli\u00e8re : allier des d\u00e9cennies d&rsquo;exp\u00e9rience concr\u00e8te \u00e0 des id\u00e9es novatrices et audacieuses pour bousculer activement les conventions du secteur. Forts de &hellip; <\/p>\n<p class=\"link-more\"><a href=\"https:\/\/www.alizegl.com\/index.php\/qui-sommes-nous\/\" class=\"more-link\">Lire la suite de<span class=\"screen-reader-text\">\u00ab\u00a0Qui sommes-nous ?\u00a0\u00bb<\/span><\/a><\/p>\n","protected":false},"author":1,"featured_media":0,"parent":0,"menu_order":0,"comment_status":"closed","ping_status":"closed","template":"","meta":{"footnotes":""},"class_list":["post-7355","page","type-page","status-publish","hentry"],"featured_media_urls":[],"_links":{"self":[{"href":"https:\/\/www.alizegl.com\/index.php\/wp-json\/wp\/v2\/pages\/7355","targetHints":{"allow":["GET"]}}],"collection":[{"href":"https:\/\/www.alizegl.com\/index.php\/wp-json\/wp\/v2\/pages"}],"about":[{"href":"https:\/\/www.alizegl.com\/index.php\/wp-json\/wp\/v2\/types\/page"}],"author":[{"embeddable":true,"href":"https:\/\/www.alizegl.com\/index.php\/wp-json\/wp\/v2\/users\/1"}],"replies":[{"embeddable":true,"href":"https:\/\/www.alizegl.com\/index.php\/wp-json\/wp\/v2\/comments?post=7355"}],"version-history":[{"count":5,"href":"https:\/\/www.alizegl.com\/index.php\/wp-json\/wp\/v2\/pages\/7355\/revisions"}],"predecessor-version":[{"id":7489,"href":"https:\/\/www.alizegl.com\/index.php\/wp-json\/wp\/v2\/pages\/7355\/revisions\/7489"}],"wp:attachment":[{"href":"https:\/\/www.alizegl.com\/index.php\/wp-json\/wp\/v2\/media?parent=7355"}],"curies":[{"name":"wp","href":"https:\/\/api.w.org\/{rel}","templated":true}]}}