{"id":7347,"date":"2025-11-25T17:31:42","date_gmt":"2025-11-25T15:31:42","guid":{"rendered":"https:\/\/www.alizegl.com\/?page_id=7347"},"modified":"2025-11-25T18:42:13","modified_gmt":"2025-11-25T16:42:13","slug":"arrivee-douane","status":"publish","type":"page","link":"https:\/\/www.alizegl.com\/index.php\/arrivee-douane\/","title":{"rendered":"Arriv\u00e9e &#038; Douane"},"content":{"rendered":"\n<div class=\"wp-block-group has-text-color has-link-color wp-elements-e19263c5e281aea0e9be101bda94d7ad has-global-padding is-layout-constrained wp-container-core-group-is-layout-3a820303 wp-block-group-is-layout-constrained\" style=\"color:#000000;padding-right:var(--wp--preset--spacing--small);padding-left:var(--wp--preset--spacing--small)\">\n<div class=\"wp-block-columns is-layout-flex wp-container-core-columns-is-layout-28f84493 wp-block-columns-is-layout-flex\">\n<div class=\"wp-block-column is-layout-flow wp-block-column-is-layout-flow\">\n<div style=\"height:100px\" aria-hidden=\"true\" class=\"wp-block-spacer\"><\/div>\n<\/div>\n<\/div>\n<\/div>\n\n\n\n<div class=\"wp-block-group has-text-color has-link-color wp-elements-55834b3675620d138e1e6e3f891bb520 has-global-padding is-layout-constrained wp-container-core-group-is-layout-55d49824 wp-block-group-is-layout-constrained\" style=\"color:#000000;padding-right:var(--wp--preset--spacing--small);padding-left:var(--wp--preset--spacing--small)\">\n<div class=\"wp-block-columns is-layout-flex wp-container-core-columns-is-layout-28f84493 wp-block-columns-is-layout-flex\">\n<div class=\"wp-block-column is-layout-flow wp-block-column-is-layout-flow\">\n<div class=\"wp-block-group has-text-color has-link-color wp-elements-f573783664ad31168c7ad5eb50fc0f51 has-global-padding is-layout-constrained wp-block-group-is-layout-constrained\" style=\"color:#000000\">\n<div class=\"wp-block-columns is-layout-flex wp-container-core-columns-is-layout-28f84493 wp-block-columns-is-layout-flex\">\n<div class=\"wp-block-column is-layout-flow wp-block-column-is-layout-flow\">\n<h2 class=\"wp-block-heading has-large-font-size\" id=\"inspiro-is-a-digital-product-agency-that-focuses-on-strategy-and-design\" style=\"font-style:normal;font-weight:100\"><strong>L&rsquo;import-export est un processus exigeant et lourd en formalit\u00e9s administratives. Il est essentiel de pr\u00e9parer l&rsquo;int\u00e9gralit\u00e9 des documents requis avant l&rsquo;arriv\u00e9e du fret afin d&rsquo;assurer un d\u00e9douanement fluide et d&rsquo;\u00e9viter des retards inutiles source de surco\u00fbts.<br><\/strong><\/h2>\n\n\n\n<div style=\"height:100px\" aria-hidden=\"true\" class=\"wp-block-spacer\"><\/div>\n<\/div>\n<\/div>\n<\/div>\n\n\n\n<div class=\"wp-block-group is-style-default has-light-background-background-color has-background has-global-padding is-layout-constrained wp-container-core-group-is-layout-02ab25f7 wp-block-group-is-layout-constrained\" style=\"padding-top:60px;padding-bottom:60px;padding-left:0\">\n<div class=\"wp-block-group has-global-padding is-layout-constrained wp-block-group-is-layout-constrained\">\n<div class=\"wp-block-columns is-layout-flex wp-container-core-columns-is-layout-d7d455e7 wp-block-columns-is-layout-flex\" style=\"padding-top:0;padding-right:0;padding-bottom:0;padding-left:0\">\n<div class=\"wp-block-column is-vertically-aligned-top is-layout-flow wp-block-column-is-layout-flow\" style=\"flex-basis:50%\">\n<figure class=\"wp-block-gallery has-nested-images columns-default is-cropped wp-block-gallery-1 is-layout-flex wp-block-gallery-is-layout-flex\">\n<figure class=\"wp-block-image size-large\"><img loading=\"lazy\" decoding=\"async\" width=\"1024\" height=\"1024\" data-id=\"7243\" src=\"https:\/\/www.alizegl.com\/wp-content\/uploads\/2025\/11\/30930-1024x1024.jpg\" alt=\"\" class=\"wp-image-7243\" srcset=\"https:\/\/www.alizegl.com\/wp-content\/uploads\/2025\/11\/30930-1024x1024.jpg 1024w, https:\/\/www.alizegl.com\/wp-content\/uploads\/2025\/11\/30930-300x300.jpg 300w, https:\/\/www.alizegl.com\/wp-content\/uploads\/2025\/11\/30930-150x150.jpg 150w, https:\/\/www.alizegl.com\/wp-content\/uploads\/2025\/11\/30930-2000x2000.jpg 2000w\" sizes=\"auto, (max-width: 1024px) 100vw, 1024px\" \/><\/figure>\n<\/figure>\n<\/div>\n\n\n\n<div class=\"wp-block-column is-vertically-aligned-center is-layout-flow wp-block-column-is-layout-flow\" style=\"padding-left:var(--wp--preset--spacing--80);flex-basis:50%\">\n<h2 class=\"wp-block-heading has-large-font-size\">Pr\u00e9parer. Anticiper. Adapter.<\/h2>\n\n\n\n<p>La logistique internationale \u00e9volue dans un contexte incertain o\u00f9 des impr\u00e9vus comme des gr\u00e8ves ou des modifications douani\u00e8res g\u00e9n\u00e8rent fr\u00e9quemment des risques on\u00e9reux \u00e0 l&rsquo;arriv\u00e9e.<\/p>\n\n\n\n<p>C&rsquo;est sur ce terrain que nous excellons. Forts de plus de 20 ans d&rsquo;expertise et de notre r\u00e9seau \u00e9tendu, nous parvenons \u00e0 neutraliser ces variables pour vous garantir des solutions qui diminuent consid\u00e9rablement \u00e0 la fois les d\u00e9lais de transport et les risques financiers.<br><\/p>\n<\/div>\n<\/div>\n<\/div>\n<\/div>\n\n\n\n<div class=\"wp-block-group has-global-padding is-layout-constrained wp-block-group-is-layout-constrained\">\n<div class=\"wp-block-group is-layout-flow wp-block-group-is-layout-flow\">\n<div style=\"height:100px\" aria-hidden=\"true\" class=\"wp-block-spacer\"><\/div>\n\n\n\n<div class=\"wp-block-columns is-layout-flex wp-container-core-columns-is-layout-28f84493 wp-block-columns-is-layout-flex\">\n<div class=\"wp-block-column is-style-default is-layout-flow wp-block-column-is-layout-flow\" style=\"border-style:none;border-width:0px;padding-top:0;padding-right:0;padding-bottom:0;padding-left:0\">\n<div class=\"wp-block-outermost-icon-block aligncenter items-justified-left\"><div class=\"icon-container has-icon-color has-primary-color\" style=\"color:#101010;width:48px;transform:rotate(0deg) scaleX(1) scaleY(1)\"><svg xmlns=\"http:\/\/www.w3.org\/2000\/svg\" width=\"1em\" height=\"1em\" viewBox=\"0 0 1024 1024\"><path fill=\"currentColor\" d=\"M832 64H192c-17.7 0-32 14.3-32 32v529c0-.6.4-1 1-1h219.3l5.2 24.7C397.6 708.5 450.8 752 512 752s114.4-43.5 126.4-103.3l5.2-24.7H863c.6 0 1 .4 1 1V96c0-17.7-14.3-32-32-32M712 493c0 4.4-3.6 8-8 8H320c-4.4 0-8-3.6-8-8v-48c0-4.4 3.6-8 8-8h384c4.4 0 8 3.6 8 8zm0-160c0 4.4-3.6 8-8 8H320c-4.4 0-8-3.6-8-8v-48c0-4.4 3.6-8 8-8h384c4.4 0 8 3.6 8 8zm151 354H694.1c-11.6 32.8-32 62.3-59.1 84.7c-34.5 28.6-78.2 44.3-123 44.3s-88.5-15.8-123-44.3a194 194 0 0 1-59.1-84.7H161c-.6 0-1-.4-1-1v242c0 17.7 14.3 32 32 32h640c17.7 0 32-14.3 32-32V686c0 .6-.4 1-1 1\"><\/path><\/svg><\/div><\/div>\n\n\n\n<h2 class=\"wp-block-heading\">Gestion de rel\u00e2che<\/h2>\n\n\n\n<p>Vous recherchez un partenaire fiable pour g\u00e9rer vos arriv\u00e9es de cargaisons avec une rigueur sans faille ? En utilisant notre syst\u00e8me exclusif de <strong>gestion des rel\u00e2ches<\/strong>, d\u00e9velopp\u00e9 m\u00e9ticuleusement, nous prenons en charge la totalit\u00e9 des formalit\u00e9s administratives aupr\u00e8s du transporteur, ce qui garantit <strong>l&rsquo;absence d&rsquo;erreurs<\/strong> et vous fait <strong>gagner un temps pr\u00e9cieux<\/strong>.<br><\/p>\n<\/div>\n\n\n\n<div class=\"wp-block-column is-style-default is-layout-flow wp-block-column-is-layout-flow\" style=\"border-style:none;border-width:0px;padding-top:0;padding-right:0;padding-bottom:0;padding-left:0\">\n<div class=\"wp-block-outermost-icon-block aligncenter items-justified-left\"><div class=\"icon-container has-icon-color has-primary-color\" style=\"color:#101010;width:48px;transform:rotate(0deg) scaleX(1) scaleY(1)\"><svg xmlns=\"http:\/\/www.w3.org\/2000\/svg\" width=\"1em\" height=\"1em\" viewBox=\"0 0 15 15\"><path fill=\"currentColor\" d=\"M5.5 1L6 2h5l.5-1zM6 2.5v1.25S6 6.5 8.5 6.5S11 3.75 11 3.75V2.5zM1.984 3.986A1 1 0 0 0 1 5v4a1 1 0 0 0 1.217.977L5 9.357V14l5.879-6.93a1.6 1.6 0 0 0-.438-.07H6.5L3 7.754V5a1 1 0 0 0-1.016-1.014m9.764 3.725L6.412 14H12V8.559c0-.314-.094-.604-.252-.848\"><\/path><\/svg><\/div><\/div>\n\n\n\n<h2 class=\"wp-block-heading\">D\u00e9claration en douane<\/h2>\n\n\n\n<p>Le <strong>d\u00e9douanement<\/strong> constitue le point de jonction le plus critique de la <strong>logistique internationale<\/strong>. Pour naviguer dans un paysage commercial mondial de plus en plus complexe, une pr\u00e9paration et une recherche rigoureuses des documents sont vitales pour garantir un <strong>d\u00e9douanement pr\u00e9visible<\/strong> et un <strong>flux de marchandises fluide.<\/strong><br><\/p>\n<\/div>\n\n\n\n<div class=\"wp-block-column is-style-default is-layout-flow wp-block-column-is-layout-flow\" style=\"border-style:none;border-width:0px;padding-top:0;padding-right:0;padding-bottom:0;padding-left:0\">\n<div class=\"wp-block-outermost-icon-block aligncenter items-justified-left\"><div class=\"icon-container has-icon-color has-primary-color\" style=\"color:#101010;width:48px;transform:rotate(0deg) scaleX(1) scaleY(1)\"><svg xmlns=\"http:\/\/www.w3.org\/2000\/svg\" width=\"1em\" height=\"1em\" viewBox=\"0 0 24 24\"><path fill=\"currentColor\" d=\"M17 8h3l3 4.056V18h-2.035a3.501 3.501 0 0 1-6.93 0h-5.07a3.5 3.5 0 0 1-6.93 0H1V6a1 1 0 0 1 1-1h14a1 1 0 0 1 1 1zm0 2v3h4v-.285L18.992 10z\"><\/path><\/svg><\/div><\/div>\n\n\n\n<h2 class=\"wp-block-heading\">Gestion de T1<\/h2>\n\n\n\n<p>Nous prenons en charge l&rsquo;ouverture du <strong>document T1<\/strong> \u00e0 n&rsquo;importe quel terminal d&rsquo;arriv\u00e9e en France, ce qui assure le <strong>mouvement sans restriction<\/strong> de vos marchandises \u00e0 travers l&rsquo;UE. Ce service permet de supprimer les pr\u00e9occupations imm\u00e9diates de taxation et de garantir une circulation fluide sur l&rsquo;ensemble des territoires.<br><\/p>\n<\/div>\n<\/div>\n<\/div>\n<\/div>\n\n\n\n<div class=\"wp-block-group alignfull has-global-padding is-content-justification-center is-layout-constrained wp-container-core-group-is-layout-7575cf56 wp-block-group-is-layout-constrained\" style=\"margin-top:0;margin-bottom:0;padding-top:0;padding-right:var(--wp--style--root--padding-right, var(--wp--custom--gap--horizontal));padding-bottom:calc( 0.5 * var(--wp--style--root--padding-right, var(--wp--custom--gap--horizontal)));padding-left:var(--wp--style--root--padding-left, var(--wp--custom--gap--horizontal))\">\n<div style=\"height:74px\" aria-hidden=\"true\" class=\"wp-block-spacer\"><\/div>\n\n\n\n<div class=\"wp-block-cover alignfull is-light\" style=\"min-height:550px;aspect-ratio:unset;\"><img loading=\"lazy\" decoding=\"async\" width=\"1024\" height=\"683\" class=\"wp-block-cover__image-background wp-image-7244 size-large\" alt=\"\" src=\"https:\/\/www.alizegl.com\/wp-content\/uploads\/2025\/11\/close-up-du-hub-de-serveur-de-debogage-et-d-optimisation-de-code-professionnel-informatique-1024x683.jpg\" data-object-fit=\"cover\" srcset=\"https:\/\/www.alizegl.com\/wp-content\/uploads\/2025\/11\/close-up-du-hub-de-serveur-de-debogage-et-d-optimisation-de-code-professionnel-informatique-1024x683.jpg 1024w, https:\/\/www.alizegl.com\/wp-content\/uploads\/2025\/11\/close-up-du-hub-de-serveur-de-debogage-et-d-optimisation-de-code-professionnel-informatique-300x200.jpg 300w, https:\/\/www.alizegl.com\/wp-content\/uploads\/2025\/11\/close-up-du-hub-de-serveur-de-debogage-et-d-optimisation-de-code-professionnel-informatique-2000x1333.jpg 2000w, https:\/\/www.alizegl.com\/wp-content\/uploads\/2025\/11\/close-up-du-hub-de-serveur-de-debogage-et-d-optimisation-de-code-professionnel-informatique-600x400.jpg 600w, https:\/\/www.alizegl.com\/wp-content\/uploads\/2025\/11\/close-up-du-hub-de-serveur-de-debogage-et-d-optimisation-de-code-professionnel-informatique-1200x800.jpg 1200w\" sizes=\"auto, (max-width: 1024px) 100vw, 1024px\" \/><span aria-hidden=\"true\" class=\"wp-block-cover__background has-background-dim-0 has-background-dim\" style=\"background-color:#FFF\"><\/span><div class=\"wp-block-cover__inner-container is-layout-flow wp-block-cover-is-layout-flow\">\n<div style=\"height:100px\" aria-hidden=\"true\" class=\"wp-block-spacer\"><\/div>\n<\/div><\/div>\n\n\n\n<div style=\"height:calc( 0.25 * var(--wp--style--root--padding-right, var(--wp--custom--gap--horizontal)))\" aria-hidden=\"true\" class=\"wp-block-spacer\"><\/div>\n\n\n\n<div class=\"wp-block-group alignwide has-global-padding is-layout-constrained wp-block-group-is-layout-constrained\">\n<h2 class=\"wp-block-heading has-text-align-center has-ast-global-color-2-color has-text-color\">La touche AGL<\/h2>\n\n\n\n<p class=\"has-text-align-center\"><strong>L&rsquo;innovation et les nouvelles technologies<\/strong> sont au c\u0153ur de <strong>l&rsquo;ADN d&rsquo;Aliz\u00e9 Global Logistics<\/strong>. Nous sommes convaincus que l&rsquo;utilisation de notre syst\u00e8me propri\u00e9taire de <strong>gestion des flux logistiques<\/strong> g\u00e9n\u00e8re une valeur in\u00e9gal\u00e9e. Ce syst\u00e8me <strong>sur mesure<\/strong> contr\u00f4le toutes les informations et la documentation, \u00e9radiquant l&rsquo;erreur humaine et assurant aux clients un service toujours impeccable et des livraisons ponctuelles.<br><\/p>\n<\/div>\n\n\n\n<div style=\"height:calc( 0.25 * var(--wp--style--root--padding-right, var(--wp--custom--gap--horizontal)))\" aria-hidden=\"true\" class=\"wp-block-spacer\"><\/div>\n<\/div>\n\n\n\n<div id=\"team\" class=\"wp-block-group has-global-padding is-layout-constrained wp-block-group-is-layout-constrained\">\n<div class=\"wp-block-group is-layout-flow wp-block-group-is-layout-flow\">\n<div style=\"height:0px\" aria-hidden=\"true\" class=\"wp-block-spacer\"><\/div>\n<\/div>\n<\/div>\n<\/div>\n<\/div>\n<\/div>\n\n\n\n<div class=\"wp-block-group alignfull has-global-padding is-content-justification-center is-layout-constrained wp-container-core-group-is-layout-df757ecc wp-block-group-is-layout-constrained\" style=\"margin-top:0;margin-bottom:0;padding-top:calc( 0.5 * var(--wp--style--root--padding-right, var(--wp--custom--gap--horizontal)));padding-right:var(--wp--style--root--padding-right, var(--wp--custom--gap--horizontal));padding-bottom:calc( 0.5 * var(--wp--style--root--padding-right, var(--wp--custom--gap--horizontal)));padding-left:var(--wp--style--root--padding-left, var(--wp--custom--gap--horizontal))\">\n<div style=\"height:calc( 0.25 * var(--wp--style--root--padding-right, var(--wp--custom--gap--horizontal)))\" aria-hidden=\"true\" class=\"wp-block-spacer\"><\/div>\n\n\n\n<div style=\"height:calc( 0.25 * var(--wp--style--root--padding-right, var(--wp--custom--gap--horizontal)))\" aria-hidden=\"true\" class=\"wp-block-spacer\"><\/div>\n<\/div>\n","protected":false},"excerpt":{"rendered":"<p>L&rsquo;import-export est un processus exigeant et lourd en formalit\u00e9s administratives. Il est essentiel de pr\u00e9parer l&rsquo;int\u00e9gralit\u00e9 des documents requis avant l&rsquo;arriv\u00e9e du fret afin d&rsquo;assurer un d\u00e9douanement fluide et d&rsquo;\u00e9viter des retards inutiles source de surco\u00fbts. Pr\u00e9parer. Anticiper. Adapter. La logistique internationale \u00e9volue dans un contexte incertain o\u00f9 des impr\u00e9vus comme des gr\u00e8ves ou des &hellip; <\/p>\n<p class=\"link-more\"><a href=\"https:\/\/www.alizegl.com\/index.php\/arrivee-douane\/\" class=\"more-link\">Lire la suite de<span class=\"screen-reader-text\">\u00ab\u00a0Arriv\u00e9e &#038; Douane\u00a0\u00bb<\/span><\/a><\/p>\n","protected":false},"author":1,"featured_media":0,"parent":0,"menu_order":0,"comment_status":"closed","ping_status":"closed","template":"page-templates\/full-width-no-title.php","meta":{"footnotes":""},"class_list":["post-7347","page","type-page","status-publish","hentry"],"featured_media_urls":[],"_links":{"self":[{"href":"https:\/\/www.alizegl.com\/index.php\/wp-json\/wp\/v2\/pages\/7347","targetHints":{"allow":["GET"]}}],"collection":[{"href":"https:\/\/www.alizegl.com\/index.php\/wp-json\/wp\/v2\/pages"}],"about":[{"href":"https:\/\/www.alizegl.com\/index.php\/wp-json\/wp\/v2\/types\/page"}],"author":[{"embeddable":true,"href":"https:\/\/www.alizegl.com\/index.php\/wp-json\/wp\/v2\/users\/1"}],"replies":[{"embeddable":true,"href":"https:\/\/www.alizegl.com\/index.php\/wp-json\/wp\/v2\/comments?post=7347"}],"version-history":[{"count":3,"href":"https:\/\/www.alizegl.com\/index.php\/wp-json\/wp\/v2\/pages\/7347\/revisions"}],"predecessor-version":[{"id":7397,"href":"https:\/\/www.alizegl.com\/index.php\/wp-json\/wp\/v2\/pages\/7347\/revisions\/7397"}],"wp:attachment":[{"href":"https:\/\/www.alizegl.com\/index.php\/wp-json\/wp\/v2\/media?parent=7347"}],"curies":[{"name":"wp","href":"https:\/\/api.w.org\/{rel}","templated":true}]}}