{"id":7339,"date":"2025-11-25T17:10:35","date_gmt":"2025-11-25T15:10:35","guid":{"rendered":"https:\/\/www.alizegl.com\/?page_id=7339"},"modified":"2025-11-25T18:43:50","modified_gmt":"2025-11-25T16:43:50","slug":"gestion-derniers-kms","status":"publish","type":"page","link":"https:\/\/www.alizegl.com\/index.php\/gestion-derniers-kms\/","title":{"rendered":"Gestion derniers kms"},"content":{"rendered":"\n<div class=\"wp-block-group has-text-color has-link-color wp-elements-e19263c5e281aea0e9be101bda94d7ad has-global-padding is-layout-constrained wp-container-core-group-is-layout-3a820303 wp-block-group-is-layout-constrained\" style=\"color:#000000;padding-right:var(--wp--preset--spacing--small);padding-left:var(--wp--preset--spacing--small)\">\n<div class=\"wp-block-columns is-layout-flex wp-container-core-columns-is-layout-28f84493 wp-block-columns-is-layout-flex\">\n<div class=\"wp-block-column is-layout-flow wp-block-column-is-layout-flow\">\n<div style=\"height:100px\" aria-hidden=\"true\" class=\"wp-block-spacer\"><\/div>\n<\/div>\n<\/div>\n<\/div>\n\n\n\n<div class=\"wp-block-group has-text-color has-link-color wp-elements-e9bebecb5e6850377acd4863dabcd87b has-global-padding is-layout-constrained wp-container-core-group-is-layout-55d49824 wp-block-group-is-layout-constrained\" style=\"color:#000000;padding-right:var(--wp--preset--spacing--small);padding-left:var(--wp--preset--spacing--small)\">\n<div class=\"wp-block-columns is-layout-flex wp-container-core-columns-is-layout-28f84493 wp-block-columns-is-layout-flex\">\n<div class=\"wp-block-column is-layout-flow wp-block-column-is-layout-flow\">\n<div class=\"wp-block-group has-text-color has-link-color wp-elements-e2462ee0c2332aa210464db7f2eeaaea has-global-padding is-layout-constrained wp-block-group-is-layout-constrained\" style=\"color:#000000\">\n<div class=\"wp-block-columns is-layout-flex wp-container-core-columns-is-layout-28f84493 wp-block-columns-is-layout-flex\">\n<div class=\"wp-block-column is-layout-flow wp-block-column-is-layout-flow\">\n<h2 class=\"wp-block-heading has-large-font-size\" id=\"inspiro-is-a-digital-product-agency-that-focuses-on-strategy-and-design\" style=\"font-style:normal;font-weight:100\"><strong>La gestion des derniers kilom\u00e8tres est la partie la plus cruciale de la logistique internationale pour assurer une livraison ponctuelle et efficiente jusqu&rsquo;\u00e0 la destination finale. Gr\u00e2ce \u00e0 notre entrep\u00f4t d\u00e9di\u00e9 pr\u00e8s de l&rsquo;a\u00e9roport de Paris CDG, \u00e0 notre vaste r\u00e9seau de transporteurs et \u00e0 nos partenariats avec des acteurs reconnus d&rsquo;exp\u00e9dition de colis, nous adaptons nos solutions \u00e0 vos besoins.<br><\/strong><\/h2>\n\n\n\n<div style=\"height:100px\" aria-hidden=\"true\" class=\"wp-block-spacer\"><\/div>\n<\/div>\n<\/div>\n<\/div>\n\n\n\n<div class=\"wp-block-group is-style-default has-light-background-background-color has-background has-global-padding is-layout-constrained wp-container-core-group-is-layout-02ab25f7 wp-block-group-is-layout-constrained\" style=\"padding-top:60px;padding-bottom:60px;padding-left:0\">\n<div class=\"wp-block-group has-global-padding is-layout-constrained wp-block-group-is-layout-constrained\">\n<div class=\"wp-block-columns is-layout-flex wp-container-core-columns-is-layout-d7d455e7 wp-block-columns-is-layout-flex\" style=\"padding-top:0;padding-right:0;padding-bottom:0;padding-left:0\">\n<div class=\"wp-block-column is-vertically-aligned-top is-layout-flow wp-block-column-is-layout-flow\" style=\"flex-basis:50%\">\n<figure class=\"wp-block-image alignright size-large\"><img decoding=\"async\" src=\"https:\/\/www.alizegl.com\/wp-content\/themes\/inspiro\/assets\/images\/Group-4.png\" alt=\"\" class=\"wp-image-5631\"\/><\/figure>\n<\/div>\n\n\n\n<div class=\"wp-block-column is-vertically-aligned-center is-layout-flow wp-block-column-is-layout-flow\" style=\"padding-left:var(--wp--preset--spacing--80);flex-basis:50%\">\n<h2 class=\"wp-block-heading has-large-font-size\">anda-express.fr<\/h2>\n\n\n\n<p><strong>anda-express.fr<\/strong> est notre logiciel propri\u00e9taire d&rsquo;exp\u00e9dition de colis, con\u00e7u pour cr\u00e9er et g\u00e9rer des envois \u00e0 <strong>grand volume<\/strong> avec des transporteurs reconnus du secteur.<\/p>\n\n\n\n<p>D\u00e9velopp\u00e9 avec une interface <strong>UI\/UX intuitive<\/strong> pour une facilit\u00e9 d&rsquo;utilisation et des connexions <strong>API<\/strong> pour une automatisation robuste, anda-express.fr est l&rsquo;outil parfait pour une logistique de colis B2B et B2C efficace \u00e0 travers l&rsquo;Europe.<br><br>-> <a href=\"http:\/\/www.anda-express.fr\" target=\"_blank\" rel=\"noreferrer noopener\">En savoir plus sur anda-express.fr<\/a><\/p>\n<\/div>\n<\/div>\n<\/div>\n<\/div>\n\n\n\n<div class=\"wp-block-group alignfull has-global-padding is-layout-constrained wp-container-core-group-is-layout-96df45d9 wp-block-group-is-layout-constrained\" style=\"margin-top:0;margin-bottom:0;padding-top:calc( 0.5 * var(u002du002dwpu002du002dstyleu002du002drootu002du002dpadding-right, var(u002du002dwpu002du002dcustomu002du002dgapu002du002dhorizontal)));padding-right:var(u002du002dwpu002du002dstyleu002du002drootu002du002dpadding-right, var(u002du002dwpu002du002dcustomu002du002dgapu002du002dhorizontal));padding-bottom:calc( 0.5 * var(u002du002dwpu002du002dstyleu002du002drootu002du002dpadding-right, var(u002du002dwpu002du002dcustomu002du002dgapu002du002dhorizontal)));padding-left:var(u002du002dwpu002du002dstyleu002du002drootu002du002dpadding-left, var(u002du002dwpu002du002dcustomu002du002dgapu002du002dhorizontal))\">\n<div style=\"height:calc( 0.25 * var(u002du002dwpu002du002dstyleu002du002drootu002du002dpadding-right, var(u002du002dwpu002du002dcustomu002du002dgapu002du002dhorizontal)))\" aria-hidden=\"true\" class=\"wp-block-spacer\"><\/div>\n\n\n\n<div class=\"wp-block-columns alignwide are-vertically-aligned-center is-layout-flex wp-container-core-columns-is-layout-cbe57604 wp-block-columns-is-layout-flex\">\n<div class=\"wp-block-column is-vertically-aligned-center is-layout-flow wp-block-column-is-layout-flow\">\n<h2 class=\"wp-block-heading alignwide has-large-font-size\">Transport routier<\/h2>\n\n\n\n<p>Nous traitons toutes les dimensions de fret, allant des palettes isol\u00e9es aux <strong>lots complets (FTL)<\/strong> et aux conteneurs. Notre large s\u00e9lection de transporteurs de confiance nous permet d&rsquo;assurer avec souplesse l&rsquo;acheminement s\u00e9curis\u00e9 et ponctuel de vos biens <strong>partout en Europe,<\/strong> garantissant syst\u00e9matiquement une <strong>capacit\u00e9 et une r\u00e9activit\u00e9 optimales.<br><\/strong><\/p>\n<\/div>\n\n\n\n<div class=\"wp-block-column is-vertically-aligned-center is-layout-flow wp-block-column-is-layout-flow\">\n<figure class=\"wp-block-image size-full has-custom-border\"><img loading=\"lazy\" decoding=\"async\" width=\"2560\" height=\"1705\" src=\"https:\/\/www.alizegl.com\/wp-content\/uploads\/2025\/11\/pexels-marcin-jozwiak-199600-2800121-1-scaled.jpg\" alt=\"\" class=\"wp-image-7239\" style=\"border-style:none;border-width:0px;border-radius:100em;aspect-ratio:1;object-fit:cover\" srcset=\"https:\/\/www.alizegl.com\/wp-content\/uploads\/2025\/11\/pexels-marcin-jozwiak-199600-2800121-1-scaled.jpg 2560w, https:\/\/www.alizegl.com\/wp-content\/uploads\/2025\/11\/pexels-marcin-jozwiak-199600-2800121-1-300x200.jpg 300w\" sizes=\"auto, (max-width: 2560px) 100vw, 2560px\" \/><\/figure>\n<\/div>\n<\/div>\n\n\n\n<div style=\"height:calc( 0.25 * var(u002du002dwpu002du002dstyleu002du002drootu002du002dpadding-right, var(u002du002dwpu002du002dcustomu002du002dgapu002du002dhorizontal)))\" aria-hidden=\"true\" class=\"wp-block-spacer\"><\/div>\n<\/div>\n\n\n\n<div class=\"wp-block-group has-global-padding is-layout-constrained wp-block-group-is-layout-constrained\">\n<div class=\"wp-block-group is-layout-flow wp-block-group-is-layout-flow\">\n<div id=\"partners\" class=\"wp-block-group has-global-padding is-content-justification-center is-layout-constrained wp-container-core-group-is-layout-13013c98 wp-block-group-is-layout-constrained\" style=\"padding-right:var(--wp--preset--spacing--small);padding-left:var(--wp--preset--spacing--small)\">\n<div class=\"wp-block-group has-global-padding is-content-justification-left is-layout-constrained wp-container-core-group-is-layout-5d29898d wp-block-group-is-layout-constrained\" style=\"padding-top:0px;padding-right:0;padding-bottom:var(--wp--preset--spacing--small);padding-left:0\">\n<div class=\"wp-block-columns is-layout-flex wp-container-core-columns-is-layout-28f84493 wp-block-columns-is-layout-flex\">\n<div class=\"wp-block-column is-layout-flow wp-block-column-is-layout-flow\" style=\"flex-basis:100%\">\n<div style=\"height:20px\" aria-hidden=\"true\" class=\"wp-block-spacer\"><\/div>\n\n\n\n<p class=\"has-secondary-color has-text-color\">NOS PARTENAIRES DE CONFIANCE<\/p>\n<\/div>\n<\/div>\n\n\n\n<div class=\"wp-block-columns are-vertically-aligned-center is-layout-flex wp-container-core-columns-is-layout-28f84493 wp-block-columns-is-layout-flex\">\n<div class=\"wp-block-column is-vertically-aligned-center is-layout-flow wp-block-column-is-layout-flow\" style=\"flex-basis:20%\">\n<figure class=\"wp-block-image size-full is-resized\"><img loading=\"lazy\" decoding=\"async\" width=\"859\" height=\"1019\" src=\"https:\/\/www.alizegl.com\/wp-content\/uploads\/2025\/11\/UPS_Logo_Shield_2017.svg_.png\" alt=\"\" class=\"wp-image-7228\" style=\"width:92px;height:auto\" srcset=\"https:\/\/www.alizegl.com\/wp-content\/uploads\/2025\/11\/UPS_Logo_Shield_2017.svg_.png 859w, https:\/\/www.alizegl.com\/wp-content\/uploads\/2025\/11\/UPS_Logo_Shield_2017.svg_-253x300.png 253w\" sizes=\"auto, (max-width: 859px) 100vw, 859px\" \/><\/figure>\n<\/div>\n\n\n\n<div class=\"wp-block-column is-vertically-aligned-center is-layout-flow wp-block-column-is-layout-flow\" style=\"flex-basis:20%\">\n<figure class=\"wp-block-image size-full\"><img loading=\"lazy\" decoding=\"async\" width=\"1200\" height=\"421\" src=\"https:\/\/www.alizegl.com\/wp-content\/uploads\/2025\/11\/GLS_Logo_2021.svg_.png\" alt=\"\" class=\"wp-image-7229\" srcset=\"https:\/\/www.alizegl.com\/wp-content\/uploads\/2025\/11\/GLS_Logo_2021.svg_.png 1200w, https:\/\/www.alizegl.com\/wp-content\/uploads\/2025\/11\/GLS_Logo_2021.svg_-300x105.png 300w, https:\/\/www.alizegl.com\/wp-content\/uploads\/2025\/11\/GLS_Logo_2021.svg_-1024x359.png 1024w\" sizes=\"auto, (max-width: 1200px) 100vw, 1200px\" \/><\/figure>\n<\/div>\n\n\n\n<div class=\"wp-block-column is-vertically-aligned-center is-layout-flow wp-block-column-is-layout-flow\" style=\"flex-basis:20%\">\n<figure class=\"wp-block-image size-full\"><img loading=\"lazy\" decoding=\"async\" width=\"600\" height=\"153\" src=\"https:\/\/www.alizegl.com\/wp-content\/uploads\/2025\/11\/3314px-Colissimo_Logo-600x153.png.webp\" alt=\"\" class=\"wp-image-7230\" srcset=\"https:\/\/www.alizegl.com\/wp-content\/uploads\/2025\/11\/3314px-Colissimo_Logo-600x153.png.webp 600w, https:\/\/www.alizegl.com\/wp-content\/uploads\/2025\/11\/3314px-Colissimo_Logo-600x153.png-300x77.webp 300w\" sizes=\"auto, (max-width: 600px) 100vw, 600px\" \/><\/figure>\n<\/div>\n\n\n\n<div class=\"wp-block-column is-vertically-aligned-center is-layout-flow wp-block-column-is-layout-flow\" style=\"flex-basis:20%\">\n<figure class=\"wp-block-image size-large\"><img loading=\"lazy\" decoding=\"async\" width=\"1024\" height=\"538\" src=\"https:\/\/www.alizegl.com\/wp-content\/uploads\/2025\/11\/csm_rhenus_og_e25315ed26-1024x538.jpg\" alt=\"\" class=\"wp-image-7231\" srcset=\"https:\/\/www.alizegl.com\/wp-content\/uploads\/2025\/11\/csm_rhenus_og_e25315ed26-1024x538.jpg 1024w, https:\/\/www.alizegl.com\/wp-content\/uploads\/2025\/11\/csm_rhenus_og_e25315ed26-300x158.jpg 300w, https:\/\/www.alizegl.com\/wp-content\/uploads\/2025\/11\/csm_rhenus_og_e25315ed26.jpg 1200w\" sizes=\"auto, (max-width: 1024px) 100vw, 1024px\" \/><\/figure>\n<\/div>\n\n\n\n<div class=\"wp-block-column is-vertically-aligned-center is-layout-flow wp-block-column-is-layout-flow\" style=\"flex-basis:20%\">\n<figure class=\"wp-block-image size-full\"><img loading=\"lazy\" decoding=\"async\" width=\"1200\" height=\"1195\" src=\"https:\/\/www.alizegl.com\/wp-content\/uploads\/2025\/11\/Geodis.svg_.png\" alt=\"\" class=\"wp-image-7232\" srcset=\"https:\/\/www.alizegl.com\/wp-content\/uploads\/2025\/11\/Geodis.svg_.png 1200w, https:\/\/www.alizegl.com\/wp-content\/uploads\/2025\/11\/Geodis.svg_-300x300.png 300w, https:\/\/www.alizegl.com\/wp-content\/uploads\/2025\/11\/Geodis.svg_-1024x1020.png 1024w, https:\/\/www.alizegl.com\/wp-content\/uploads\/2025\/11\/Geodis.svg_-150x150.png 150w\" sizes=\"auto, (max-width: 1200px) 100vw, 1200px\" \/><\/figure>\n<\/div>\n<\/div>\n<\/div>\n<\/div>\n<\/div>\n<\/div>\n\n\n\n<div id=\"team\" class=\"wp-block-group has-global-padding is-layout-constrained wp-block-group-is-layout-constrained\">\n<div class=\"wp-block-group is-layout-flow wp-block-group-is-layout-flow\">\n<div style=\"height:0px\" aria-hidden=\"true\" class=\"wp-block-spacer\"><\/div>\n<\/div>\n<\/div>\n<\/div>\n<\/div>\n<\/div>\n\n\n\n<div class=\"wp-block-group alignfull has-primary-background-color has-background has-global-padding is-layout-constrained wp-block-group-is-layout-constrained\">\n<div class=\"wp-block-columns is-layout-flex wp-container-core-columns-is-layout-28f84493 wp-block-columns-is-layout-flex\">\n<div class=\"wp-block-column is-layout-flow wp-block-column-is-layout-flow\">\n<div style=\"height:80px\" aria-hidden=\"true\" class=\"wp-block-spacer\"><\/div>\n\n\n\n<div class=\"wp-block-columns is-layout-flex wp-container-core-columns-is-layout-28f84493 wp-block-columns-is-layout-flex\">\n<div class=\"wp-block-column is-layout-flow wp-block-column-is-layout-flow\">\n<h2 class=\"wp-block-heading has-white-color has-text-color has-max-48-font-size\">Notre entrep\u00f4t \u00e0 Paris<\/h2>\n<\/div>\n\n\n\n<div class=\"wp-block-column is-layout-flow wp-block-column-is-layout-flow\" style=\"padding-left:0;flex-basis:20%\"><\/div>\n\n\n\n<div class=\"wp-block-column is-layout-flow wp-block-column-is-layout-flow\" style=\"padding-left:0\">\n<p><\/p>\n\n\n\n<p class=\"has-text-align-right has-lightgrey-color has-text-color\">Gr\u00e2ce \u00e0 son emplacement strat\u00e9gique \u00e0 10km de <strong>l&rsquo;a\u00e9roport Paris CDG <\/strong>et \u00e0 trois heures uniquement des plateformes portuaires majeures du <strong>Havre<\/strong> et de <strong>Dunkerque<\/strong>, notre site d&rsquo;entreposage s&rsquo;\u00e9tablit comme le <strong>centre n\u00e9vralgique id\u00e9al<\/strong> pour l&rsquo;ensemble de vos op\u00e9rations logistiques europ\u00e9ennes.<\/p>\n<\/div>\n<\/div>\n\n\n\n<div style=\"height:60px\" aria-hidden=\"true\" class=\"wp-block-spacer\"><\/div>\n<\/div>\n<\/div>\n\n\n\n<div class=\"wp-block-columns is-layout-flex wp-container-core-columns-is-layout-28f84493 wp-block-columns-is-layout-flex\">\n<div class=\"wp-block-column is-layout-flow wp-block-column-is-layout-flow\" style=\"flex-basis:100%\">\n<div class=\"wp-block-group has-global-padding is-layout-constrained wp-block-group-is-layout-constrained\">\n<div class=\"wp-block-columns is-layout-flex wp-container-core-columns-is-layout-28f84493 wp-block-columns-is-layout-flex\">\n<div class=\"wp-block-column is-layout-flow wp-block-column-is-layout-flow\">\n<h1 class=\"wp-block-heading has-secondary-color has-text-color\">5000m\u00b2<\/h1>\n<\/div>\n<\/div>\n\n\n\n<div class=\"wp-block-columns is-layout-flex wp-container-core-columns-is-layout-28f84493 wp-block-columns-is-layout-flex\">\n<div class=\"wp-block-column is-layout-flow wp-block-column-is-layout-flow\">\n<p class=\"has-lightgrey-color has-text-color\">d&rsquo;espace de stockage s\u00e9curis\u00e9 et sous vid\u00e9o-surveillance.<\/p>\n<\/div>\n<\/div>\n<\/div>\n<\/div>\n\n\n\n<div class=\"wp-block-column is-layout-flow wp-block-column-is-layout-flow\" style=\"flex-basis:100%\">\n<div class=\"wp-block-group has-global-padding is-layout-constrained wp-block-group-is-layout-constrained\">\n<div class=\"wp-block-columns is-layout-flex wp-container-core-columns-is-layout-28f84493 wp-block-columns-is-layout-flex\">\n<div class=\"wp-block-column is-layout-flow wp-block-column-is-layout-flow\">\n<h1 class=\"wp-block-heading has-secondary-color has-text-color\">8<\/h1>\n<\/div>\n<\/div>\n\n\n\n<div class=\"wp-block-columns is-layout-flex wp-container-core-columns-is-layout-28f84493 wp-block-columns-is-layout-flex\">\n<div class=\"wp-block-column is-layout-flow wp-block-column-is-layout-flow\">\n<p class=\"has-lightgrey-color has-text-color\">personnes sur site \u00e0 votre service.<\/p>\n<\/div>\n<\/div>\n<\/div>\n<\/div>\n\n\n\n<div class=\"wp-block-column is-layout-flow wp-block-column-is-layout-flow\" style=\"flex-basis:100%\">\n<div class=\"wp-block-group has-global-padding is-layout-constrained wp-block-group-is-layout-constrained\">\n<div class=\"wp-block-columns is-layout-flex wp-container-core-columns-is-layout-28f84493 wp-block-columns-is-layout-flex\">\n<div class=\"wp-block-column is-layout-flow wp-block-column-is-layout-flow\">\n<h1 class=\"wp-block-heading has-secondary-color has-text-color\">6<\/h1>\n<\/div>\n<\/div>\n\n\n\n<div class=\"wp-block-columns is-layout-flex wp-container-core-columns-is-layout-28f84493 wp-block-columns-is-layout-flex\">\n<div class=\"wp-block-column is-layout-flow wp-block-column-is-layout-flow\">\n<p class=\"has-lightgrey-color has-text-color\">camions dans notre flotte propre pour garantir des disponibilit\u00e9s imm\u00e9diates.<\/p>\n<\/div>\n<\/div>\n<\/div>\n<\/div>\n\n\n\n<div class=\"wp-block-column is-layout-flow wp-block-column-is-layout-flow\" style=\"flex-basis:100%\">\n<div class=\"wp-block-group has-global-padding is-layout-constrained wp-block-group-is-layout-constrained\">\n<div class=\"wp-block-columns is-layout-flex wp-container-core-columns-is-layout-28f84493 wp-block-columns-is-layout-flex\">\n<div class=\"wp-block-column is-layout-flow wp-block-column-is-layout-flow\">\n<h1 class=\"wp-block-heading has-secondary-color has-text-color\">10+<\/h1>\n<\/div>\n<\/div>\n\n\n\n<div class=\"wp-block-columns is-layout-flex wp-container-core-columns-is-layout-28f84493 wp-block-columns-is-layout-flex\">\n<div class=\"wp-block-column is-layout-flow wp-block-column-is-layout-flow\">\n<p class=\"has-lightgrey-color has-text-color\">quais pour une capacit\u00e9 optimale de chargements\/d\u00e9chargements.<\/p>\n<\/div>\n<\/div>\n<\/div>\n<\/div>\n<\/div>\n\n\n\n<div style=\"height:80px\" aria-hidden=\"true\" class=\"wp-block-spacer\"><\/div>\n\n\n\n<p><\/p>\n<\/div>\n","protected":false},"excerpt":{"rendered":"<p>La gestion des derniers kilom\u00e8tres est la partie la plus cruciale de la logistique internationale pour assurer une livraison ponctuelle et efficiente jusqu&rsquo;\u00e0 la destination finale. Gr\u00e2ce \u00e0 notre entrep\u00f4t d\u00e9di\u00e9 pr\u00e8s de l&rsquo;a\u00e9roport de Paris CDG, \u00e0 notre vaste r\u00e9seau de transporteurs et \u00e0 nos partenariats avec des acteurs reconnus d&rsquo;exp\u00e9dition de colis, nous &hellip; <\/p>\n<p class=\"link-more\"><a href=\"https:\/\/www.alizegl.com\/index.php\/gestion-derniers-kms\/\" class=\"more-link\">Lire la suite de<span class=\"screen-reader-text\">\u00ab\u00a0Gestion derniers kms\u00a0\u00bb<\/span><\/a><\/p>\n","protected":false},"author":1,"featured_media":0,"parent":0,"menu_order":0,"comment_status":"closed","ping_status":"closed","template":"page-templates\/full-width-no-title.php","meta":{"footnotes":""},"class_list":["post-7339","page","type-page","status-publish","hentry"],"featured_media_urls":[],"_links":{"self":[{"href":"https:\/\/www.alizegl.com\/index.php\/wp-json\/wp\/v2\/pages\/7339","targetHints":{"allow":["GET"]}}],"collection":[{"href":"https:\/\/www.alizegl.com\/index.php\/wp-json\/wp\/v2\/pages"}],"about":[{"href":"https:\/\/www.alizegl.com\/index.php\/wp-json\/wp\/v2\/types\/page"}],"author":[{"embeddable":true,"href":"https:\/\/www.alizegl.com\/index.php\/wp-json\/wp\/v2\/users\/1"}],"replies":[{"embeddable":true,"href":"https:\/\/www.alizegl.com\/index.php\/wp-json\/wp\/v2\/comments?post=7339"}],"version-history":[{"count":3,"href":"https:\/\/www.alizegl.com\/index.php\/wp-json\/wp\/v2\/pages\/7339\/revisions"}],"predecessor-version":[{"id":7399,"href":"https:\/\/www.alizegl.com\/index.php\/wp-json\/wp\/v2\/pages\/7339\/revisions\/7399"}],"wp:attachment":[{"href":"https:\/\/www.alizegl.com\/index.php\/wp-json\/wp\/v2\/media?parent=7339"}],"curies":[{"name":"wp","href":"https:\/\/api.w.org\/{rel}","templated":true}]}}