{"id":7326,"date":"2025-11-25T12:42:41","date_gmt":"2025-11-25T10:42:41","guid":{"rendered":"https:\/\/www.alizegl.com\/?page_id=7326"},"modified":"2025-11-25T18:55:05","modified_gmt":"2025-11-25T16:55:05","slug":"fret-international","status":"publish","type":"page","link":"https:\/\/www.alizegl.com\/index.php\/fret-international\/","title":{"rendered":"Fret international"},"content":{"rendered":"\n<div class=\"wp-block-group has-text-color has-link-color wp-elements-e19263c5e281aea0e9be101bda94d7ad has-global-padding is-layout-constrained wp-container-core-group-is-layout-3a820303 wp-block-group-is-layout-constrained\" style=\"color:#000000;padding-right:var(--wp--preset--spacing--small);padding-left:var(--wp--preset--spacing--small)\">\n<div class=\"wp-block-columns is-layout-flex wp-container-core-columns-is-layout-28f84493 wp-block-columns-is-layout-flex\">\n<div class=\"wp-block-column is-layout-flow wp-block-column-is-layout-flow\">\n<div style=\"height:100px\" aria-hidden=\"true\" class=\"wp-block-spacer\"><\/div>\n<\/div>\n<\/div>\n<\/div>\n\n\n\n<div class=\"wp-block-group has-text-color has-link-color wp-elements-c0a0914332cf26836d9f1c35d3b07ee3 has-global-padding is-layout-constrained wp-container-core-group-is-layout-55d49824 wp-block-group-is-layout-constrained\" style=\"color:#000000;padding-right:var(--wp--preset--spacing--small);padding-left:var(--wp--preset--spacing--small)\">\n<div class=\"wp-block-columns is-layout-flex wp-container-core-columns-is-layout-28f84493 wp-block-columns-is-layout-flex\">\n<div class=\"wp-block-column is-layout-flow wp-block-column-is-layout-flow\">\n<div class=\"wp-block-group has-text-color has-link-color wp-elements-e6b90d205af5eadd53391140534e5e3f has-global-padding is-layout-constrained wp-block-group-is-layout-constrained\" style=\"color:#000000\">\n<div class=\"wp-block-columns is-layout-flex wp-container-core-columns-is-layout-28f84493 wp-block-columns-is-layout-flex\">\n<div class=\"wp-block-column is-layout-flow wp-block-column-is-layout-flow\">\n<h2 class=\"wp-block-heading has-large-font-size\" id=\"inspiro-is-a-digital-product-agency-that-focuses-on-strategy-and-design\" style=\"font-style:normal;font-weight:100\"><strong>Nous fournissons une gamme compl\u00e8te de solutions de transport, de logistique et de d\u00e9douanement pour assurer un mouvement des marchandises fluide et efficace, et ce, pour <strong>tout volume<\/strong> trait\u00e9.<\/strong><\/h2>\n\n\n\n<div style=\"height:100px\" aria-hidden=\"true\" class=\"wp-block-spacer\"><\/div>\n<\/div>\n<\/div>\n<\/div>\n\n\n\n<div class=\"wp-block-group alignfull has-text-color has-background has-link-color wp-elements-312ea3a0b6d7b94d073b694e67b322d1 has-global-padding is-layout-constrained wp-block-group-is-layout-constrained\" style=\"color:#000000;background-color:#e5e9ec;padding-top:var(--wp--preset--spacing--small);padding-bottom:var(--wp--preset--spacing--small)\">\n<div class=\"wp-block-columns is-layout-flex wp-container-core-columns-is-layout-28f84493 wp-block-columns-is-layout-flex\">\n<div class=\"wp-block-column is-layout-flow wp-block-column-is-layout-flow\">\n<figure class=\"wp-block-image size-large is-resized\"><img loading=\"lazy\" decoding=\"async\" width=\"1024\" height=\"680\" src=\"https:\/\/www.alizegl.com\/wp-content\/uploads\/2025\/11\/pexels-mdx014-799091-1024x680.jpg\" alt=\"\" class=\"wp-image-7195\" style=\"object-fit:cover;width:400px;height:300px\" srcset=\"https:\/\/www.alizegl.com\/wp-content\/uploads\/2025\/11\/pexels-mdx014-799091-1024x680.jpg 1024w, https:\/\/www.alizegl.com\/wp-content\/uploads\/2025\/11\/pexels-mdx014-799091-300x199.jpg 300w, https:\/\/www.alizegl.com\/wp-content\/uploads\/2025\/11\/pexels-mdx014-799091-2000x1328.jpg 2000w\" sizes=\"auto, (max-width: 1024px) 100vw, 1024px\" \/><\/figure>\n\n\n\n<h3 class=\"wp-block-heading has-extra-large-font-size\">Fret maritime<\/h3>\n\n\n\n<p>Nous proposons des solutions compl\u00e8tes de fret maritime, garantissant le transport s\u00fbr et \u00e9conomique de vos marchandises sur les principales routes commerciales mondiales. Ce service est id\u00e9alement adapt\u00e9 aux exp\u00e9ditions de <strong>grand volume<\/strong> qui n\u00e9cessitent <strong>\u00e9conomie d&rsquo;\u00e9chelle et s\u00e9curit\u00e9<\/strong>.<\/p>\n<\/div>\n\n\n\n<div class=\"wp-block-column is-layout-flow wp-block-column-is-layout-flow\">\n<figure class=\"wp-block-image size-large is-resized\"><img loading=\"lazy\" decoding=\"async\" width=\"1024\" height=\"768\" src=\"https:\/\/www.alizegl.com\/wp-content\/uploads\/2025\/11\/pexels-ahmedmuntasir-912050-1024x768.jpg\" alt=\"\" class=\"wp-image-7196\" style=\"object-fit:cover;width:400px;height:300px\" srcset=\"https:\/\/www.alizegl.com\/wp-content\/uploads\/2025\/11\/pexels-ahmedmuntasir-912050-1024x768.jpg 1024w, https:\/\/www.alizegl.com\/wp-content\/uploads\/2025\/11\/pexels-ahmedmuntasir-912050-300x225.jpg 300w, https:\/\/www.alizegl.com\/wp-content\/uploads\/2025\/11\/pexels-ahmedmuntasir-912050-2000x1500.jpg 2000w\" sizes=\"auto, (max-width: 1024px) 100vw, 1024px\" \/><\/figure>\n\n\n\n<h3 class=\"wp-block-heading has-extra-large-font-size\">Fret a\u00e9rien<\/h3>\n\n\n\n<p>Acc\u00e9dez \u00e0 nos services de fret a\u00e9rien pour des livraisons internationales <strong>rapides et s\u00fbres<\/strong> de vos marchandises. C&rsquo;est la solution id\u00e9ale pour toute exp\u00e9dition <strong>urgente<\/strong> ou de <strong>haute valeur<\/strong> n\u00e9cessitant une vitesse et une pr\u00e9cision maximales.<\/p>\n<\/div>\n\n\n\n<div class=\"wp-block-column is-layout-flow wp-block-column-is-layout-flow\">\n<figure class=\"wp-block-image size-large is-resized\"><img loading=\"lazy\" decoding=\"async\" width=\"1024\" height=\"681\" src=\"https:\/\/www.alizegl.com\/wp-content\/uploads\/2025\/11\/pexels-brett-sayles-1793503-1024x681.jpg\" alt=\"\" class=\"wp-image-7198\" style=\"object-fit:cover;width:400px;height:300px\" srcset=\"https:\/\/www.alizegl.com\/wp-content\/uploads\/2025\/11\/pexels-brett-sayles-1793503-1024x681.jpg 1024w, https:\/\/www.alizegl.com\/wp-content\/uploads\/2025\/11\/pexels-brett-sayles-1793503-300x200.jpg 300w, https:\/\/www.alizegl.com\/wp-content\/uploads\/2025\/11\/pexels-brett-sayles-1793503-2000x1331.jpg 2000w, https:\/\/www.alizegl.com\/wp-content\/uploads\/2025\/11\/pexels-brett-sayles-1793503-600x400.jpg 600w\" sizes=\"auto, (max-width: 1024px) 100vw, 1024px\" \/><\/figure>\n\n\n\n<h3 class=\"wp-block-heading has-extra-large-font-size\">Fret ferroviaire<\/h3>\n\n\n\n<p>Nous fournissons des services de fret ferroviaire <strong>fiables et \u00e0 haute capacit\u00e9<\/strong> sur les r\u00e9seaux ferr\u00e9s strat\u00e9giques. En assurant une supervision compl\u00e8te de la planification et de l&rsquo;ex\u00e9cution, nous garantissons l&rsquo;arriv\u00e9e <strong>coh\u00e9rente et ponctuelle<\/strong> de votre cargaison.<\/p>\n<\/div>\n\n\n\n<div class=\"wp-block-column is-layout-flow wp-block-column-is-layout-flow\">\n<figure class=\"wp-block-image size-full is-resized\"><img decoding=\"async\" src=\"https:\/\/www.alizegl.com\/wp-content\/uploads\/2025\/11\/pexels-quintingellar-2199293-4.jpg\" alt=\"\" class=\"wp-image-7206\" style=\"object-fit:cover;width:400px;height:300px\"\/><\/figure>\n\n\n\n<h3 class=\"wp-block-heading has-extra-large-font-size\">Fret routier<\/h3>\n\n\n\n<p>Nos services de fret routier offrent des solutions de transport <strong>int\u00e9grales et compl\u00e8tes<\/strong> pour le mouvement <strong>s\u00e9curis\u00e9 et ponctuel<\/strong> des marchandises sur tous les r\u00e9seaux internationaux. Nous maintenons un contr\u00f4le op\u00e9rationnel total pour assurer une planification optimale et une ex\u00e9cution de livraison fiable.<\/p>\n<\/div>\n<\/div>\n<\/div>\n\n\n\n<div style=\"height:100px\" aria-hidden=\"true\" class=\"wp-block-spacer\"><\/div>\n<\/div>\n<\/div>\n<\/div>\n\n\n\n<div class=\"wp-block-group alignfull has-primary-background-color has-background has-global-padding is-layout-constrained wp-block-group-is-layout-constrained\">\n<div class=\"wp-block-columns is-layout-flex wp-container-core-columns-is-layout-28f84493 wp-block-columns-is-layout-flex\">\n<div class=\"wp-block-column is-layout-flow wp-block-column-is-layout-flow\">\n<div style=\"height:80px\" aria-hidden=\"true\" class=\"wp-block-spacer\"><\/div>\n\n\n\n<div class=\"wp-block-columns is-layout-flex wp-container-core-columns-is-layout-28f84493 wp-block-columns-is-layout-flex\">\n<div class=\"wp-block-column is-layout-flow wp-block-column-is-layout-flow\">\n<h2 class=\"wp-block-heading has-white-color has-text-color has-max-48-font-size\">FCL &amp; LCL<\/h2>\n<\/div>\n\n\n\n<div class=\"wp-block-column is-layout-flow wp-block-column-is-layout-flow\" style=\"padding-left:0;flex-basis:20%\"><\/div>\n\n\n\n<div class=\"wp-block-column is-layout-flow wp-block-column-is-layout-flow\" style=\"padding-left:0\">\n<p class=\"has-lightgrey-color has-text-color\">Nous adaptons notre strat\u00e9gie logistique pour l&rsquo;aligner parfaitement sur vos <strong>exigences<\/strong>. Cela inclut des options d&rsquo;exp\u00e9dition rapides et <strong>\u00e0 co\u00fbt ma\u00eetris\u00e9<\/strong> pour les cargaisons, m\u00eame \u00e0 partir du premier m\u00e8tre cube.<\/p>\n<\/div>\n<\/div>\n\n\n\n<div style=\"height:60px\" aria-hidden=\"true\" class=\"wp-block-spacer\"><\/div>\n<\/div>\n<\/div>\n\n\n\n<div class=\"wp-block-columns is-layout-flex wp-container-core-columns-is-layout-28f84493 wp-block-columns-is-layout-flex\">\n<div class=\"wp-block-column is-layout-flow wp-block-column-is-layout-flow\" style=\"flex-basis:100%\">\n<div class=\"wp-block-group has-global-padding is-layout-constrained wp-block-group-is-layout-constrained\">\n<div class=\"wp-block-columns is-layout-flex wp-container-core-columns-is-layout-28f84493 wp-block-columns-is-layout-flex\">\n<div class=\"wp-block-column is-layout-flow wp-block-column-is-layout-flow\">\n<h2 class=\"wp-block-heading has-secondary-color has-text-color\">FCL (Full Container Load)<\/h2>\n<\/div>\n<\/div>\n\n\n\n<div class=\"wp-block-columns is-layout-flex wp-container-core-columns-is-layout-28f84493 wp-block-columns-is-layout-flex\">\n<div class=\"wp-block-column is-layout-flow wp-block-column-is-layout-flow\">\n<p class=\"has-lightgrey-color has-text-color\">L&rsquo;option <strong>FCL (Full Container Load)<\/strong> constitue le standard des \u00e9changes mondiaux, garantissant le moyen le plus rapide et le plus fiable pour l&rsquo;envoi de forts volumes. La r\u00e9servation d&rsquo;une unit\u00e9 FCL (20HQ, 40 HQ et 45HQ) assure que le conteneur est uniquement affect\u00e9 \u00e0 votre cargaison, ce qui r\u00e9duit la manutention et le risque de dommages ou de retard inh\u00e9rents au groupage.<\/p>\n\n\n\n<p class=\"has-lightgrey-color has-text-color\">Notre \u00e9quipe sp\u00e9cialis\u00e9e prend en charge la <strong>gestion compl\u00e8te<\/strong> des exp\u00e9ditions FCL avec une grande rigueur dans tous les principaux <strong>centres logistiques<\/strong> en Chine. Au-del\u00e0 de la r\u00e9servation du fret, nous proposons des services de <strong>chargement sp\u00e9cialis\u00e9s<\/strong>, assurons la pr\u00e9paration m\u00e9ticuleuse des documents, et garantissons un traitement acc\u00e9l\u00e9r\u00e9 des r\u00e9servations pour un calendrier d&rsquo;exp\u00e9dition optimis\u00e9. <br><br>Notre <strong>ma\u00eetrise op\u00e9rationnelle compl\u00e8te<\/strong> procure la pr\u00e9visibilit\u00e9 et le contr\u00f4le indispensables pour votre commerce international entre l&rsquo;Europe et la Chine.<\/p>\n<\/div>\n<\/div>\n<\/div>\n<\/div>\n\n\n\n<div class=\"wp-block-column is-layout-flow wp-block-column-is-layout-flow\" style=\"flex-basis:100%\">\n<div class=\"wp-block-group has-global-padding is-layout-constrained wp-block-group-is-layout-constrained\">\n<div class=\"wp-block-columns is-layout-flex wp-container-core-columns-is-layout-28f84493 wp-block-columns-is-layout-flex\">\n<div class=\"wp-block-column is-layout-flow wp-block-column-is-layout-flow\">\n<h2 class=\"wp-block-heading has-secondary-color has-text-color\">LCL (Less than a Container Load)<\/h2>\n<\/div>\n<\/div>\n\n\n\n<div class=\"wp-block-columns is-layout-flex wp-container-core-columns-is-layout-28f84493 wp-block-columns-is-layout-flex\">\n<div class=\"wp-block-column is-layout-flow wp-block-column-is-layout-flow\">\n<p class=\"has-lightgrey-color has-text-color\">Le <strong>Less than a Container Load (LCL)<\/strong> offre une solution <strong>flexible<\/strong> et <strong>\u00e9conomique<\/strong> pour les exp\u00e9ditions qui ne n\u00e9cessitent pas un conteneur complet. En consolidant votre cargaison avec d&rsquo;autres marchandises import\u00e9es, le LCL vous permet d&rsquo;acc\u00e9der au r\u00e9seau mondial du commerce maritime sans l&rsquo;engagement des volumes requis par le FCL.<\/p>\n<\/div>\n<\/div>\n\n\n\n<p class=\"has-lightgrey-color has-text-color\">En tirant parti de notre vaste r\u00e9seau de clients et de partenaires de confiance, nous consolidons vos marchandises avec une <strong>pr\u00e9cision optimale<\/strong>. Ce cadre robuste nous permet de garantir des <strong>d\u00e9lais de transit<\/strong> optimaux, assurant des r\u00e9sultats d&rsquo;exp\u00e9dition proche du FCL.<\/p>\n<\/div>\n<\/div>\n<\/div>\n<\/div>\n\n\n\n<div class=\"wp-block-group alignfull has-primary-background-color has-background has-global-padding is-layout-constrained wp-block-group-is-layout-constrained\">\n<div class=\"wp-block-columns is-layout-flex wp-container-core-columns-is-layout-28f84493 wp-block-columns-is-layout-flex\">\n<div class=\"wp-block-column is-layout-flow wp-block-column-is-layout-flow\">\n<div style=\"height:80px\" aria-hidden=\"true\" class=\"wp-block-spacer\"><\/div>\n\n\n\n<div class=\"wp-block-columns is-layout-flex wp-container-core-columns-is-layout-28f84493 wp-block-columns-is-layout-flex\">\n<div class=\"wp-block-column is-layout-flow wp-block-column-is-layout-flow\">\n<p class=\"has-lightgrey-color has-text-color\">Si vos biens sp\u00e9cialis\u00e9s requi\u00e8rent un <strong>traitement particulier<\/strong>, confiez en la gestion \u00e0 nos experts. Nous prenons en charge sans effort l&rsquo;ensemble des formalit\u00e9s administratives et de la documentation, que ce soit pour les Mati\u00e8res Dangereuses (<strong>DG<\/strong>) ou pour le fret sous temp\u00e9rature contr\u00f4l\u00e9e (<strong>Reefer<\/strong>).<\/p>\n<\/div>\n\n\n\n<div class=\"wp-block-column is-layout-flow wp-block-column-is-layout-flow\" style=\"padding-left:0;flex-basis:20%\"><\/div>\n\n\n\n<div class=\"wp-block-column is-layout-flow wp-block-column-is-layout-flow\" style=\"padding-left:0\">\n<h2 class=\"wp-block-heading has-white-color has-text-color has-max-48-font-size\">DG &amp; Reefer<\/h2>\n<\/div>\n<\/div>\n\n\n\n<div style=\"height:60px\" aria-hidden=\"true\" class=\"wp-block-spacer\"><\/div>\n<\/div>\n<\/div>\n\n\n\n<div class=\"wp-block-columns is-layout-flex wp-container-core-columns-is-layout-28f84493 wp-block-columns-is-layout-flex\">\n<div class=\"wp-block-column is-layout-flow wp-block-column-is-layout-flow\" style=\"flex-basis:100%\">\n<div class=\"wp-block-group has-global-padding is-layout-constrained wp-block-group-is-layout-constrained\">\n<div class=\"wp-block-columns is-layout-flex wp-container-core-columns-is-layout-28f84493 wp-block-columns-is-layout-flex\">\n<div class=\"wp-block-column is-layout-flow wp-block-column-is-layout-flow\">\n<h2 class=\"wp-block-heading has-secondary-color has-text-color\">DG (Mati\u00e8res dangereuses)<\/h2>\n<\/div>\n<\/div>\n\n\n\n<div class=\"wp-block-columns is-layout-flex wp-container-core-columns-is-layout-28f84493 wp-block-columns-is-layout-flex\">\n<div class=\"wp-block-column is-layout-flow wp-block-column-is-layout-flow\">\n<p class=\"has-lightgrey-color has-text-color\">Le transport de Marchandises Dangereuses exige une <strong>expertise sp\u00e9cialis\u00e9e<\/strong>, le respect strict des r\u00e9glementations internationales et des protocoles de s\u00e9curit\u00e9 sans compromis. Aliz\u00e9 Global Logistics fournit des <strong>solutions de transport certifi\u00e9es et conformes<\/strong> pour les cargaisons de <strong>DG<\/strong> complexes, couvrant toutes les classifications et la documentation n\u00e9cessaires.<\/p>\n\n\n\n<p class=\"has-lightgrey-color has-text-color\">Nos experts qualifi\u00e9s pilotent chaque \u00e9tape pour garantir que vos produits dangereux soient achemin\u00e9s en toute <strong>s\u00e9curit\u00e9<\/strong> et avec <strong>fiabilit\u00e9<\/strong> sur l&rsquo;axe Europe-Chine, ce qui \u00e9limine les risques de non-conformit\u00e9 et s\u00e9curise le transport.<br><\/p>\n<\/div>\n<\/div>\n<\/div>\n<\/div>\n\n\n\n<div class=\"wp-block-column is-layout-flow wp-block-column-is-layout-flow\" style=\"flex-basis:100%\">\n<div class=\"wp-block-group has-global-padding is-layout-constrained wp-block-group-is-layout-constrained\">\n<div class=\"wp-block-columns is-layout-flex wp-container-core-columns-is-layout-28f84493 wp-block-columns-is-layout-flex\">\n<div class=\"wp-block-column is-layout-flow wp-block-column-is-layout-flow\">\n<h2 class=\"wp-block-heading has-secondary-color has-text-color\">Reefer (Fret sous temp\u00e9rature contr\u00f4l\u00e9e)<\/h2>\n<\/div>\n<\/div>\n\n\n\n<div class=\"wp-block-columns is-layout-flex wp-container-core-columns-is-layout-28f84493 wp-block-columns-is-layout-flex\">\n<div class=\"wp-block-column is-layout-flow wp-block-column-is-layout-flow\">\n<p class=\"has-lightgrey-color has-text-color\">L&rsquo;acheminement sans encombre de marchandises soumises \u00e0 temp\u00e9rature requiert une <strong>pr\u00e9cision et un contr\u00f4le rigoureux<\/strong>. Aliz\u00e9 Global Logistics met \u00e0 disposition des solutions de transport frigorifique sp\u00e9cifiques, \u00e9labor\u00e9es pour garantir un maintien continu et exact de la temp\u00e9rature sur la totalit\u00e9 du couloir d&rsquo;approvisionnement Europe-Chine.<\/p>\n\n\n\n<p class=\"has-lightgrey-color has-text-color\">Nous assurons une <strong>conformit\u00e9 thermique irr\u00e9prochable<\/strong> et acheminons votre fret en toute s\u00e9curit\u00e9, <strong>pr\u00e9servant sa qualit\u00e9 et son int\u00e9grit\u00e9<\/strong>, du point d&rsquo;origine jusqu&rsquo;\u00e0 la destination finale.<br><\/p>\n<\/div>\n<\/div>\n<\/div>\n<\/div>\n<\/div>\n\n\n\n<div style=\"height:80px\" aria-hidden=\"true\" class=\"wp-block-spacer\"><\/div>\n\n\n\n<p><\/p>\n<\/div>\n","protected":false},"excerpt":{"rendered":"<p>Nous fournissons une gamme compl\u00e8te de solutions de transport, de logistique et de d\u00e9douanement pour assurer un mouvement des marchandises fluide et efficace, et ce, pour tout volume trait\u00e9. Fret maritime Nous proposons des solutions compl\u00e8tes de fret maritime, garantissant le transport s\u00fbr et \u00e9conomique de vos marchandises sur les principales routes commerciales mondiales. Ce &hellip; <\/p>\n<p class=\"link-more\"><a href=\"https:\/\/www.alizegl.com\/index.php\/fret-international\/\" class=\"more-link\">Lire la suite de<span class=\"screen-reader-text\">\u00ab\u00a0Fret international\u00a0\u00bb<\/span><\/a><\/p>\n","protected":false},"author":1,"featured_media":0,"parent":0,"menu_order":0,"comment_status":"closed","ping_status":"closed","template":"page-templates\/full-width-no-title.php","meta":{"footnotes":""},"class_list":["post-7326","page","type-page","status-publish","hentry"],"featured_media_urls":[],"_links":{"self":[{"href":"https:\/\/www.alizegl.com\/index.php\/wp-json\/wp\/v2\/pages\/7326","targetHints":{"allow":["GET"]}}],"collection":[{"href":"https:\/\/www.alizegl.com\/index.php\/wp-json\/wp\/v2\/pages"}],"about":[{"href":"https:\/\/www.alizegl.com\/index.php\/wp-json\/wp\/v2\/types\/page"}],"author":[{"embeddable":true,"href":"https:\/\/www.alizegl.com\/index.php\/wp-json\/wp\/v2\/users\/1"}],"replies":[{"embeddable":true,"href":"https:\/\/www.alizegl.com\/index.php\/wp-json\/wp\/v2\/comments?post=7326"}],"version-history":[{"count":4,"href":"https:\/\/www.alizegl.com\/index.php\/wp-json\/wp\/v2\/pages\/7326\/revisions"}],"predecessor-version":[{"id":7401,"href":"https:\/\/www.alizegl.com\/index.php\/wp-json\/wp\/v2\/pages\/7326\/revisions\/7401"}],"wp:attachment":[{"href":"https:\/\/www.alizegl.com\/index.php\/wp-json\/wp\/v2\/media?parent=7326"}],"curies":[{"name":"wp","href":"https:\/\/api.w.org\/{rel}","templated":true}]}}