{"id":7307,"date":"2025-11-25T12:08:14","date_gmt":"2025-11-25T10:08:14","guid":{"rendered":"https:\/\/www.alizegl.com\/?page_id=7307"},"modified":"2025-11-28T16:29:35","modified_gmt":"2025-11-28T14:29:35","slug":"contact-fr","status":"publish","type":"page","link":"https:\/\/www.alizegl.com\/index.php\/contact-fr\/","title":{"rendered":"Contact"},"content":{"rendered":"\n<div style=\"height:0px\" aria-hidden=\"true\" class=\"wp-block-spacer\"><\/div>\n\n\n\n<div class=\"wp-block-group has-global-padding is-layout-constrained wp-block-group-is-layout-constrained\">\n<div class=\"wp-block-columns are-vertically-aligned-top is-layout-flex wp-container-core-columns-is-layout-d7d455e7 wp-block-columns-is-layout-flex\" style=\"padding-top:0;padding-right:0;padding-bottom:0;padding-left:0\">\n<div class=\"wp-block-column is-vertically-aligned-top is-layout-flow wp-block-column-is-layout-flow\" style=\"padding-right:7%;flex-basis:50%\">\n<p class=\"has-text-color has-large-font-size\" style=\"color:#0bb4aa\"><strong>RESTONS EN CONTACT !<\/strong><\/p>\n\n\n\n<h2 class=\"wp-block-heading has-large-font-size\">Besoin d&rsquo;un devis ?<\/h2>\n\n\n\n<p>Pour plus d&rsquo;informations sur nos services logistiques et nos tarifs, <strong>n&rsquo;h\u00e9sitez pas \u00e0 demander un devis d\u00e9taill\u00e9.<\/strong> Notre \u00e9quipe vous recontactera dans les plus brefs d\u00e9lais.<\/p>\n\n\n\n<div class=\"wp-block-group has-global-padding is-layout-constrained wp-block-group-is-layout-constrained\">\n<div class=\"wp-block-columns are-vertically-aligned-center is-layout-flex wp-container-core-columns-is-layout-28f84493 wp-block-columns-is-layout-flex\">\n<div class=\"wp-block-column is-vertically-aligned-center is-layout-flow wp-block-column-is-layout-flow\">\n<h2 class=\"wp-block-heading has-large-font-size\" style=\"font-style:normal;font-weight:700\">Nous trouver<\/h2>\n\n\n\n<p style=\"font-size:clamp(0.875em, 0.875rem + ((1vw - 0.2em) * 0.319), 1.1em);\">4 Rue Germain Planque<br>93600, Aulnay-sous-bois<br>France<\/p>\n\n\n\n<iframe src=\"https:\/\/www.google.com\/maps\/embed?pb=!1m18!1m12!1m3!1d2620.123456789012!2d2.495678901234567!3d48.934567890123456!2m3!1f0!2f0!3f0!3m2!1i1024!2i768!4f13.1!3m3!1m2!1s0x47e61d123456789a%3A0x123456789abcdef0!2s4%20Rue%20Germain%20Planque%2C%2093600%20Aulnay-sous-Bois!5e0!3m2!1sfr!2sfr!4v1694012345678!5m2!1sfr!2sfr\" width=\"500\" height=\"400\" style=\"border:0;\" allowfullscreen=\"\" loading=\"lazy\"><\/iframe>\n\n\n\n<p style=\"font-size:clamp(0.875em, 0.875rem + ((1vw - 0.2em) * 0.319), 1.1em);\"><strong>T\u00e9l\u00e9phone<\/strong>: +33 6 17 69 16 88<br><strong>Email<\/strong>: <a href=\"mailto:example@example.com\">info@alizegl.com<\/a><\/p>\n<\/div>\n<\/div>\n<\/div>\n<\/div>\n\n\n\n<div class=\"wp-block-column is-vertically-aligned-top is-layout-flow wp-block-column-is-layout-flow\" style=\"flex-basis:50%\"><style>#wpzf-7 + .notice { margin-top: 20px; padding: 15px; border-radius: 4px; }#wpzf-7 + .notice.success { background-color: #e7f7ed; color: #227045; border-left: 4px solid #46b450; }#wpzf-7 + .notice.error { background-color: #fde8e8; color: #8a1f11; border-left: 4px solid #cc0000; }#wpzf-7 + .notice p { margin: 0; }<\/style><!-- ZOOM Forms Start -->\n\t\t\t<form id=\"wpzf-7\" method=\"post\" action=\"https:\/\/www.alizegl.com\/wp-admin\/admin-post.php\" class=\"wpzoom-forms_form\">\n\t\t\t<input type=\"hidden\" name=\"action\" value=\"wpzf_submit\" \/>\n\t\t\t<input type=\"hidden\" name=\"form_id\" value=\"7\" \/>\n\t\t\t<input type=\"hidden\" id=\"_wpnonce\" name=\"_wpnonce\" value=\"0b13ff2f2e\" \/><input type=\"hidden\" name=\"_wp_http_referer\" value=\"\/index.php\/wp-json\/wp\/v2\/pages\/7307\" \/>\n\t\t\t\n<div class=\"wp-block-wpzoom-forms-form\">\n<label for=\"input_ae87379b\"><span>Mon entreprise<\/span><sup class=\"wp-block-wpzoom-forms-required\">*<\/sup><\/label><input type=\"text\" name=\"wpzf_input_ae87379b\" id=\"input_ae87379b\" placeholder=\"Mon entreprise\" required class=\"wp-block-wpzoom-forms-text-name-field is-style-modern\"\/>\n\n\n\n<label for=\"input_9b740f6f\"><span>Nom du contact<\/span><sup class=\"wp-block-wpzoom-forms-required\">*<\/sup><\/label><input type=\"text\" name=\"wpzf_input_9b740f6f\" id=\"input_9b740f6f\" placeholder=\"John Doe\" required data-subject=\"false\" class=\"wp-block-wpzoom-forms-text-plain-field\"\/>\n\n\n\n<label for=\"input_8468ae36\"><span>Email<\/span><sup class=\"wp-block-wpzoom-forms-required\">*<\/sup><\/label><input type=\"email\" name=\"wpzf_input_8468ae36\" id=\"input_8468ae36\" placeholder=\"exemple@email.com\" required data-replyto=\"false\" class=\"wp-block-wpzoom-forms-text-email-field\"\/>\n\n\n\n<label for=\"input_4216c727\"><span>T\u00e9l\u00e9phone<\/span><\/label><input type=\"tel\" name=\"wpzf_input_4216c727\" id=\"input_4216c727\" placeholder=\"+1 23 45 67 89\" class=\"wp-block-wpzoom-forms-text-phone-field\"\/>\n\n\n\n<label for=\"input_64c0a82a\"><span>Sujet<\/span><sup class=\"wp-block-wpzoom-forms-required\">*<\/sup><\/label><select name=\"wpzf_input_64c0a82a\" id=\"input_64c0a82a\" required defaultvalue=\"Item #1\" class=\"wp-block-wpzoom-forms-select-field\"><option value=\"Devis\">Devis<\/option><option value=\"Question\">Question<\/option><option value=\"Nous rejoindre\">Nous rejoindre<\/option><option value=\"Autre\">Autre<\/option><\/select>\n\n\n\n<label for=\"input_5744a4a2\"><span>Message<\/span><sup class=\"wp-block-wpzoom-forms-required\">*<\/sup><\/label><textarea name=\"wpzf_input_5744a4a2\" id=\"input_5744a4a2\" cols=\"55\" rows=\"10\" placeholder=\"Mon message\" required class=\"wp-block-wpzoom-forms-textarea-field\"><\/textarea>\n\n\n\n<div class=\"wp-block-columns are-vertically-aligned-center\">\n<div class=\"wp-block-column is-vertically-aligned-center\" style=\"flex-basis:30%\">\n<input type=\"submit\" id=\"input_submit\" value=\"Envoyer\" class=\"wp-block-wpzoom-forms-submit-field\"\/>\n<\/div>\n\n\n\n<div class=\"wp-block-column is-vertically-aligned-center\" style=\"flex-basis:70%\">\n<p class=\"has-text-align-right\" style=\"font-size:16px\">Les champs avec <strong class=\"has-accent-color has-text-color\">*<\/strong> sont obligatoires.<\/p>\n<\/div>\n<\/div>\n<\/div>\n\n\t\t\t<\/form>\n\t\t\t\n\t\t\t<!-- ZOOM Forms End --><\/div>\n<\/div>\n\n\n\n<div style=\"height:135px\" aria-hidden=\"true\" class=\"wp-block-spacer\"><\/div>\n<\/div>\n","protected":false},"excerpt":{"rendered":"<p>RESTONS EN CONTACT ! Besoin d&rsquo;un devis ? Pour plus d&rsquo;informations sur nos services logistiques et nos tarifs, n&rsquo;h\u00e9sitez pas \u00e0 demander un devis d\u00e9taill\u00e9. Notre \u00e9quipe vous recontactera dans les plus brefs d\u00e9lais. Nous trouver 4 Rue Germain Planque93600, Aulnay-sous-boisFrance T\u00e9l\u00e9phone: +33 6 17 69 16 88Email: info@alizegl.com<\/p>\n","protected":false},"author":1,"featured_media":0,"parent":0,"menu_order":0,"comment_status":"closed","ping_status":"closed","template":"page-templates\/no-title.php","meta":{"footnotes":""},"class_list":["post-7307","page","type-page","status-publish","hentry"],"featured_media_urls":[],"_links":{"self":[{"href":"https:\/\/www.alizegl.com\/index.php\/wp-json\/wp\/v2\/pages\/7307","targetHints":{"allow":["GET"]}}],"collection":[{"href":"https:\/\/www.alizegl.com\/index.php\/wp-json\/wp\/v2\/pages"}],"about":[{"href":"https:\/\/www.alizegl.com\/index.php\/wp-json\/wp\/v2\/types\/page"}],"author":[{"embeddable":true,"href":"https:\/\/www.alizegl.com\/index.php\/wp-json\/wp\/v2\/users\/1"}],"replies":[{"embeddable":true,"href":"https:\/\/www.alizegl.com\/index.php\/wp-json\/wp\/v2\/comments?post=7307"}],"version-history":[{"count":4,"href":"https:\/\/www.alizegl.com\/index.php\/wp-json\/wp\/v2\/pages\/7307\/revisions"}],"predecessor-version":[{"id":7477,"href":"https:\/\/www.alizegl.com\/index.php\/wp-json\/wp\/v2\/pages\/7307\/revisions\/7477"}],"wp:attachment":[{"href":"https:\/\/www.alizegl.com\/index.php\/wp-json\/wp\/v2\/media?parent=7307"}],"curies":[{"name":"wp","href":"https:\/\/api.w.org\/{rel}","templated":true}]}}