{"id":7157,"date":"2025-11-10T17:28:07","date_gmt":"2025-11-10T15:28:07","guid":{"rendered":"https:\/\/www.alizegl.com\/?page_id=7157"},"modified":"2025-11-28T16:20:17","modified_gmt":"2025-11-28T14:20:17","slug":"accueil","status":"publish","type":"page","link":"https:\/\/www.alizegl.com\/","title":{"rendered":"Accueil"},"content":{"rendered":"\n<div class=\"wp-block-cover alignfull is-light\" style=\"min-height:100vh;aspect-ratio:unset;\"><video class=\"wp-block-cover__video-background intrinsic-ignore\" autoplay muted loop playsinline src=\"https:\/\/www.alizegl.com\/wp-content\/uploads\/2025\/09\/3289608-uhd_3840_2160_24fps.mp4\" data-object-fit=\"cover\"><\/video><span aria-hidden=\"true\" class=\"wp-block-cover__background has-background-dim wp-block-cover__gradient-background has-background-gradient\" style=\"background:linear-gradient(185deg,rgb(0,0,0) 0%,rgba(0,0,0,0.53) 100%)\"><\/span><div class=\"wp-block-cover__inner-container has-global-padding is-layout-constrained wp-block-cover-is-layout-constrained\">\n<h1 class=\"wp-block-heading has-text-align-center has-white-color has-text-color has-max-72-font-size\"><strong>Importer. D\u00e9douaner. Livrer.<\/strong><\/h1>\n\n\n\n<hr class=\"wp-block-separator has-text-color has-alpha-channel-opacity has-background is-style-default\" style=\"margin-top:var(--wp--preset--spacing--x-small);margin-bottom:var(--wp--preset--spacing--x-small);background-color:#ffffff47;color:#ffffff47\"\/>\n\n\n\n<div style=\"height:25px\" aria-hidden=\"true\" class=\"wp-block-spacer\"><\/div>\n\n\n\n<p class=\"has-text-align-center has-white-color has-text-color has-medium-font-size\"><strong>Aliz\u00e9 Global Logistics <\/strong>est votre partenaire logistique id\u00e9al pour <strong>l&rsquo;importation depuis l&rsquo;Asie.<\/strong> Sp\u00e9cialis\u00e9s depuis <strong>plus de 20 ans<\/strong> dans l&rsquo;import Chine-France, nous adaptons nos solutions pour r\u00e9pondre \u00e0 vos besoins logistiques de la mani\u00e8re la plus <strong>optimale<\/strong>.<\/p>\n\n\n\n<div class=\"wp-block-buttons is-content-justification-center is-layout-flex wp-container-core-buttons-is-layout-a89b3969 wp-block-buttons-is-layout-flex\">\n<div class=\"wp-block-button\"><a class=\"wp-block-button__link has-secondary-background-color has-background has-medium-font-size has-text-align-center has-custom-font-size wp-element-button\" href=\"https:\/\/www.alizegl.com\/index.php\/contact-fr\/\"><strong>NOUS CONTACTER<\/strong><\/a><\/div>\n<\/div>\n<\/div><\/div>\n\n\n\n<div class=\"wp-block-group alignfull has-global-padding is-layout-constrained wp-block-group-is-layout-constrained\">\n<div class=\"wp-block-group has-global-padding is-layout-constrained wp-block-group-is-layout-constrained\" style=\"padding-top:var(--wp--preset--spacing--small);padding-bottom:var(--wp--preset--spacing--small)\">\n<div style=\"height:30px\" aria-hidden=\"true\" class=\"wp-block-spacer\"><\/div>\n\n\n\n<h1 class=\"wp-block-heading has-text-align-center has-secondary-color has-text-color has-link-color has-large-font-size wp-elements-7dbc4ca0f0b468ec698f13aa132d3eb5\" style=\"letter-spacing:1px\">SOLUTIONS LOGISTIQUES INTERNATIONALES TOUT-EN-UN<\/h1>\n<\/div>\n\n\n\n<div class=\"wp-block-group has-global-padding is-layout-constrained wp-block-group-is-layout-constrained\" style=\"padding-top:var(--wp--preset--spacing--small);padding-bottom:var(--wp--preset--spacing--small)\">\n<div class=\"wp-block-columns is-layout-flex wp-container-core-columns-is-layout-28f84493 wp-block-columns-is-layout-flex\">\n<div class=\"wp-block-column is-layout-flow wp-block-column-is-layout-flow\" style=\"flex-basis:100%\">\n<div style=\"height:0px\" aria-hidden=\"true\" class=\"wp-block-spacer\"><\/div>\n<\/div>\n<\/div>\n\n\n\n<div class=\"wp-block-columns is-layout-flex wp-container-core-columns-is-layout-c375d253 wp-block-columns-is-layout-flex\">\n<div class=\"wp-block-column is-vertically-aligned-center is-layout-flow wp-block-column-is-layout-flow\">\n<h2 class=\"wp-block-heading has-secondary-color has-text-color has-link-color has-medium-font-size wp-elements-29b2770b504a1b8d51236612159e21e0\" style=\"text-transform:uppercase\"><strong>SP\u00c9CIALISTE LOGISTIQUE INTERNATIONAL DE BOUT EN BOUT<\/strong><\/h2>\n\n\n\n<p>Chez <strong>Aliz\u00e9 Global Logistics<\/strong>, nous pensons que dans une \u00e9conomie mondiale de plus en plus comp\u00e9titive et complexe, il est essentiel d&rsquo;avoir des <strong>canaux logistiques parfaitement optimis\u00e9s<\/strong> pour r\u00e9pondre aux exigences toujours plus \u00e9lev\u00e9es du march\u00e9. Gr\u00e2ce \u00e0 nos <strong>+20 ans d&rsquo;exp\u00e9rience<\/strong> et \u00e0 notre r\u00e9seau international d&rsquo;experts, nous fournissons des solutions logistiques <strong>de bout en bout<\/strong>, r\u00e9duisant ainsi les d\u00e9lais, les erreurs et optimisant les co\u00fbts.<\/p>\n\n\n\n<p><strong>Concentrez-vous sur votre coeur de m\u00e9tier, laissez nous nous charger du reste.<\/strong><\/p>\n\n\n\n<div class=\"wp-block-buttons is-horizontal is-content-justification-center is-layout-flex wp-container-core-buttons-is-layout-03627597 wp-block-buttons-is-layout-flex\">\n<div class=\"wp-block-button is-style-outline is-style-outline--1\"><a class=\"wp-block-button__link wp-element-button\" href=\"https:\/\/www.alizegl.com\/index.php\/qui-sommes-nous\/\" style=\"border-radius:0px;font-style:normal;font-weight:600\"><strong>EN SAVOIR PLUS SUR AGL<\/strong><\/a><\/div>\n<\/div>\n<\/div>\n\n\n\n<div class=\"wp-block-column is-layout-flow wp-block-column-is-layout-flow\">\n<figure class=\"wp-block-image size-full\"><img decoding=\"async\" src=\"https:\/\/www.alizegl.com\/wp-content\/uploads\/2025\/11\/pexels-tomfisk-1554646.jpg\" alt=\"\" class=\"wp-image-7254\"\/><\/figure>\n<\/div>\n<\/div>\n<\/div>\n<\/div>\n\n\n\n<div class=\"wp-block-group alignfull pattern_multiple_covers has-background-background-color has-background has-global-padding is-layout-constrained wp-block-group-is-layout-constrained\" id=\"services\">\n<div style=\"height:40px\" aria-hidden=\"true\" class=\"wp-block-spacer\"><\/div>\n\n\n\n<h2 class=\"wp-block-heading has-text-align-left has-secondary-color has-text-color\"><strong>TRAVAILLONS ENSEMBLE !<\/strong><\/h2>\n\n\n\n<h2 class=\"wp-block-heading has-text-align-left\">Nos services<\/h2>\n\n\n\n<p class=\"has-text-align-left\">Nous offrons des <strong>solutions flexibles<\/strong> \u00e0 travers l&rsquo;ensemble de notre portefeuille de services.<br>Avez-vous besoin d&rsquo;un <strong>partenaire de confiance unique<\/strong> pour g\u00e9rer l&rsquo;ensemble de votre logistique ? Notre <strong>solution compl\u00e8te<\/strong> prend en charge la totalit\u00e9 de vos op\u00e9rations. <br>Ou recherchez-vous une <strong>expertise sp\u00e9cifique<\/strong> pour un d\u00e9fi pr\u00e9cis de votre cha\u00eene d&rsquo;approvisionnement ? Nous int\u00e9grons nos services sans difficult\u00e9.<\/p>\n\n\n\n<div class=\"wp-block-columns is-layout-flex wp-container-core-columns-is-layout-28f84493 wp-block-columns-is-layout-flex\">\n<div class=\"wp-block-column is-layout-flow wp-block-column-is-layout-flow\" style=\"padding-top:0;padding-right:0;padding-bottom:0;padding-left:0\">\n<div class=\"wp-block-cover has-custom-content-position is-position-bottom-left\" style=\"padding-top:var(--wp--preset--spacing--small);padding-right:var(--wp--preset--spacing--x-small);padding-bottom:var(--wp--preset--spacing--small);padding-left:var(--wp--preset--spacing--x-small)\"><img loading=\"lazy\" decoding=\"async\" width=\"1024\" height=\"603\" class=\"wp-block-cover__image-background wp-image-7255 size-large\" alt=\"\" src=\"https:\/\/www.alizegl.com\/wp-content\/uploads\/2025\/11\/pexels-pixabay-163726-1024x603.jpg\" data-object-fit=\"cover\" srcset=\"https:\/\/www.alizegl.com\/wp-content\/uploads\/2025\/11\/pexels-pixabay-163726-1024x603.jpg 1024w, https:\/\/www.alizegl.com\/wp-content\/uploads\/2025\/11\/pexels-pixabay-163726-300x177.jpg 300w, https:\/\/www.alizegl.com\/wp-content\/uploads\/2025\/11\/pexels-pixabay-163726-2000x1178.jpg 2000w\" sizes=\"auto, (max-width: 1024px) 100vw, 1024px\" \/><span aria-hidden=\"true\" class=\"wp-block-cover__background has-primary-background-color has-background-dim-70 has-background-dim\"><\/span><div class=\"wp-block-cover__inner-container is-layout-flow wp-block-cover-is-layout-flow\">\n<h4 class=\"wp-block-heading has-white-color has-text-color has-medium-font-size\" style=\"margin-top:0;margin-right:0;margin-bottom:0;margin-left:0\">Fret a\u00e9rien<br>Fret maritime<br>Fret routier<br>Fret ferroviaire<\/h4>\n\n\n\n<p class=\"has-secondary-color has-text-color has-link-color wp-elements-641b9936f3a1558a523b7f15892fee09\" style=\"margin-top:0;margin-right:0;margin-bottom:0;margin-left:0\"><a href=\"https:\/\/www.alizegl.com\/index.php\/fret-international\/\" data-type=\"page\" data-id=\"7326\">En savoir plus -&gt;<\/a><\/p>\n<\/div><\/div>\n<\/div>\n\n\n\n<div class=\"wp-block-column is-layout-flow wp-block-column-is-layout-flow\" style=\"padding-top:0;padding-right:0;padding-bottom:0;padding-left:0\">\n<div class=\"wp-block-cover has-custom-content-position is-position-bottom-left\" style=\"padding-top:var(--wp--preset--spacing--small);padding-right:var(--wp--preset--spacing--x-small);padding-bottom:var(--wp--preset--spacing--small);padding-left:var(--wp--preset--spacing--x-small)\"><img loading=\"lazy\" decoding=\"async\" width=\"1024\" height=\"683\" class=\"wp-block-cover__image-background wp-image-7258 size-large\" alt=\"\" src=\"https:\/\/www.alizegl.com\/wp-content\/uploads\/2025\/11\/pexels-pixabay-357514-1024x683.jpg\" data-object-fit=\"cover\" srcset=\"https:\/\/www.alizegl.com\/wp-content\/uploads\/2025\/11\/pexels-pixabay-357514-1024x683.jpg 1024w, https:\/\/www.alizegl.com\/wp-content\/uploads\/2025\/11\/pexels-pixabay-357514-300x200.jpg 300w, https:\/\/www.alizegl.com\/wp-content\/uploads\/2025\/11\/pexels-pixabay-357514-2000x1333.jpg 2000w, https:\/\/www.alizegl.com\/wp-content\/uploads\/2025\/11\/pexels-pixabay-357514-600x400.jpg 600w, https:\/\/www.alizegl.com\/wp-content\/uploads\/2025\/11\/pexels-pixabay-357514-1200x800.jpg 1200w\" sizes=\"auto, (max-width: 1024px) 100vw, 1024px\" \/><span aria-hidden=\"true\" class=\"wp-block-cover__background has-primary-background-color has-background-dim-70 has-background-dim\"><\/span><div class=\"wp-block-cover__inner-container is-layout-flow wp-block-cover-is-layout-flow\">\n<h3 class=\"wp-block-heading has-white-color has-text-color has-medium-font-size\" style=\"margin-top:0;margin-right:0;margin-bottom:0;margin-left:0\">Gestion rel\u00e2che<br>D\u00e9douanement<\/h3>\n\n\n\n<p class=\"has-secondary-color has-text-color has-link-color wp-elements-60270cacf1fe8410e219e687cf706c4e\" style=\"margin-top:0;margin-right:0;margin-bottom:0;margin-left:0\"><a href=\"#\"><\/a><a href=\"https:\/\/www.alizegl.com\/index.php\/arrivee-douane\/\" data-type=\"page\" data-id=\"7347\">En savoir plus -&gt;<\/a><\/p>\n<\/div><\/div>\n<\/div>\n\n\n\n<div class=\"wp-block-column is-layout-flow wp-block-column-is-layout-flow\" style=\"padding-top:0;padding-right:0;padding-bottom:0;padding-left:0\">\n<div class=\"wp-block-cover has-custom-content-position is-position-bottom-left\" style=\"padding-top:var(--wp--preset--spacing--small);padding-right:var(--wp--preset--spacing--x-small);padding-bottom:var(--wp--preset--spacing--small);padding-left:var(--wp--preset--spacing--x-small)\"><img loading=\"lazy\" decoding=\"async\" width=\"1024\" height=\"683\" class=\"wp-block-cover__image-background wp-image-7257 size-large\" alt=\"\" src=\"https:\/\/www.alizegl.com\/wp-content\/uploads\/2025\/11\/pexels-tiger-lily-4481326-1024x683.jpg\" data-object-fit=\"cover\" srcset=\"https:\/\/www.alizegl.com\/wp-content\/uploads\/2025\/11\/pexels-tiger-lily-4481326-1024x683.jpg 1024w, https:\/\/www.alizegl.com\/wp-content\/uploads\/2025\/11\/pexels-tiger-lily-4481326-300x200.jpg 300w, https:\/\/www.alizegl.com\/wp-content\/uploads\/2025\/11\/pexels-tiger-lily-4481326-2000x1333.jpg 2000w, https:\/\/www.alizegl.com\/wp-content\/uploads\/2025\/11\/pexels-tiger-lily-4481326-600x400.jpg 600w\" sizes=\"auto, (max-width: 1024px) 100vw, 1024px\" \/><span aria-hidden=\"true\" class=\"wp-block-cover__background has-primary-background-color has-background-dim-70 has-background-dim\"><\/span><div class=\"wp-block-cover__inner-container is-layout-flow wp-block-cover-is-layout-flow\">\n<h3 class=\"wp-block-heading has-white-color has-text-color has-medium-font-size\" style=\"margin-top:0;margin-right:0;margin-bottom:0;margin-left:0\">Manutention<br>Entreposage<br>Livraison dernier km<\/h3>\n\n\n\n<p class=\"has-secondary-color has-text-color has-link-color wp-elements-bcbfae92a47555c4a1d56f1cebada830\" style=\"margin-top:0;margin-right:0;margin-bottom:0;margin-left:0\"><a href=\"#\"><\/a><a href=\"https:\/\/www.alizegl.com\/index.php\/gestion-derniers-kms\/\" data-type=\"page\" data-id=\"7339\">En savoir plus -&gt;<\/a><\/p>\n<\/div><\/div>\n<\/div>\n<\/div>\n<\/div>\n\n\n\n<div style=\"height:103px\" aria-hidden=\"true\" class=\"wp-block-spacer\"><\/div>\n\n\n\n<div id=\"partners\" class=\"wp-block-group has-global-padding is-content-justification-center is-layout-constrained wp-container-core-group-is-layout-13013c98 wp-block-group-is-layout-constrained\" style=\"padding-right:var(--wp--preset--spacing--small);padding-left:var(--wp--preset--spacing--small)\">\n<div class=\"wp-block-group has-global-padding is-content-justification-left is-layout-constrained wp-container-core-group-is-layout-5d29898d wp-block-group-is-layout-constrained\" style=\"padding-top:0px;padding-right:0;padding-bottom:var(--wp--preset--spacing--small);padding-left:0\">\n<div class=\"wp-block-columns is-layout-flex wp-container-core-columns-is-layout-28f84493 wp-block-columns-is-layout-flex\">\n<div class=\"wp-block-column is-layout-flow wp-block-column-is-layout-flow\" style=\"flex-basis:100%\">\n<div style=\"height:20px\" aria-hidden=\"true\" class=\"wp-block-spacer\"><\/div>\n\n\n\n<h2 class=\"wp-block-heading has-secondary-color has-text-color\"><strong>ILS NOUS FONT CONFIANCE<\/strong><\/h2>\n\n\n\n<p><strong>La satisfaction client est la priorit\u00e9 absolue de notre entreprise.<\/strong> Nos \u00e9quipe mettent tout en \u0153uvre pour comprendre vos besoins, la sp\u00e9cificit\u00e9 de votre activit\u00e9 afin de fournir le meilleur service possible.<\/p>\n<\/div>\n<\/div>\n\n\n\n<div class=\"wp-block-columns are-vertically-aligned-center is-layout-flex wp-container-core-columns-is-layout-28f84493 wp-block-columns-is-layout-flex\">\n<div class=\"wp-block-column is-vertically-aligned-center is-layout-flow wp-block-column-is-layout-flow\" style=\"flex-basis:20%\">\n<figure class=\"wp-block-image size-large\"><img loading=\"lazy\" decoding=\"async\" width=\"1024\" height=\"576\" src=\"https:\/\/www.alizegl.com\/wp-content\/uploads\/2025\/09\/JD.COM-Logo-1024x576.png\" alt=\"\" class=\"wp-image-7145\" srcset=\"https:\/\/www.alizegl.com\/wp-content\/uploads\/2025\/09\/JD.COM-Logo-1024x576.png 1024w, https:\/\/www.alizegl.com\/wp-content\/uploads\/2025\/09\/JD.COM-Logo-300x169.png 300w, https:\/\/www.alizegl.com\/wp-content\/uploads\/2025\/09\/JD.COM-Logo-2000x1125.png 2000w\" sizes=\"auto, (max-width: 1024px) 100vw, 1024px\" \/><\/figure>\n<\/div>\n\n\n\n<div class=\"wp-block-column is-vertically-aligned-center is-layout-flow wp-block-column-is-layout-flow\" style=\"flex-basis:20%\">\n<figure class=\"wp-block-image size-full\"><img loading=\"lazy\" decoding=\"async\" width=\"600\" height=\"270\" src=\"https:\/\/www.alizegl.com\/wp-content\/uploads\/2025\/09\/cainiao-logoNEW.png\" alt=\"\" class=\"wp-image-7147\" srcset=\"https:\/\/www.alizegl.com\/wp-content\/uploads\/2025\/09\/cainiao-logoNEW.png 600w, https:\/\/www.alizegl.com\/wp-content\/uploads\/2025\/09\/cainiao-logoNEW-300x135.png 300w\" sizes=\"auto, (max-width: 600px) 100vw, 600px\" \/><\/figure>\n<\/div>\n\n\n\n<div class=\"wp-block-column is-vertically-aligned-center is-layout-flow wp-block-column-is-layout-flow\" style=\"flex-basis:20%\">\n<figure class=\"wp-block-image size-full\"><img loading=\"lazy\" decoding=\"async\" width=\"500\" height=\"226\" src=\"https:\/\/www.alizegl.com\/wp-content\/uploads\/2025\/09\/logo-cdl-e1668599864759.png\" alt=\"\" class=\"wp-image-7148\" srcset=\"https:\/\/www.alizegl.com\/wp-content\/uploads\/2025\/09\/logo-cdl-e1668599864759.png 500w, https:\/\/www.alizegl.com\/wp-content\/uploads\/2025\/09\/logo-cdl-e1668599864759-300x136.png 300w\" sizes=\"auto, (max-width: 500px) 100vw, 500px\" \/><\/figure>\n<\/div>\n\n\n\n<div class=\"wp-block-column is-vertically-aligned-center is-layout-flow wp-block-column-is-layout-flow\" style=\"flex-basis:20%\">\n<figure class=\"wp-block-image size-large\"><img loading=\"lazy\" decoding=\"async\" width=\"1024\" height=\"725\" src=\"https:\/\/www.alizegl.com\/wp-content\/uploads\/2025\/09\/oraije_logoseul_coul_4f90c6ac-4c4b-438e-8e13-94263119c8fa-1024x725.webp\" alt=\"\" class=\"wp-image-7149\" srcset=\"https:\/\/www.alizegl.com\/wp-content\/uploads\/2025\/09\/oraije_logoseul_coul_4f90c6ac-4c4b-438e-8e13-94263119c8fa-1024x725.webp 1024w, https:\/\/www.alizegl.com\/wp-content\/uploads\/2025\/09\/oraije_logoseul_coul_4f90c6ac-4c4b-438e-8e13-94263119c8fa-300x212.webp 300w, https:\/\/www.alizegl.com\/wp-content\/uploads\/2025\/09\/oraije_logoseul_coul_4f90c6ac-4c4b-438e-8e13-94263119c8fa-2000x1416.webp 2000w\" sizes=\"auto, (max-width: 1024px) 100vw, 1024px\" \/><\/figure>\n<\/div>\n\n\n\n<div class=\"wp-block-column is-vertically-aligned-center is-layout-flow wp-block-column-is-layout-flow\" style=\"flex-basis:20%\">\n<figure class=\"wp-block-image size-full\"><img loading=\"lazy\" decoding=\"async\" width=\"840\" height=\"264\" src=\"https:\/\/www.alizegl.com\/wp-content\/uploads\/2025\/09\/1_55afa170-6be6-4027-bac0-549ae9f94f48.webp\" alt=\"\" class=\"wp-image-7150\" srcset=\"https:\/\/www.alizegl.com\/wp-content\/uploads\/2025\/09\/1_55afa170-6be6-4027-bac0-549ae9f94f48.webp 840w, https:\/\/www.alizegl.com\/wp-content\/uploads\/2025\/09\/1_55afa170-6be6-4027-bac0-549ae9f94f48-300x94.webp 300w\" sizes=\"auto, (max-width: 840px) 100vw, 840px\" \/><\/figure>\n<\/div>\n<\/div>\n<\/div>\n\n\n\n<div style=\"height:20px\" aria-hidden=\"true\" class=\"wp-block-spacer\"><\/div>\n\n\n\n<div class=\"wp-block-group has-white-color has-secondary-background-color has-text-color has-background is-layout-flow wp-block-group-is-layout-flow\" style=\"border-radius:20px;padding-top:50px;padding-right:50px;padding-bottom:50px;padding-left:50px\">\n<div class=\"wp-block-columns is-layout-flex wp-container-core-columns-is-layout-28f84493 wp-block-columns-is-layout-flex\">\n<div class=\"wp-block-column is-layout-flow wp-block-column-is-layout-flow\">\n<p class=\"has-text-align-center has-max-48-font-size\">20+<\/p>\n\n\n\n<p class=\"has-text-align-center has-medium-font-size\"><strong>Ann\u00e9es d&rsquo;exp\u00e9rience<\/strong><\/p>\n<\/div>\n\n\n\n<div class=\"wp-block-column is-layout-flow wp-block-column-is-layout-flow\">\n<p class=\"has-text-align-center has-max-48-font-size\">300+<\/p>\n\n\n\n<p class=\"has-text-align-center has-medium-font-size\"><strong>Clients satisfaits<\/strong><\/p>\n<\/div>\n\n\n\n<div class=\"wp-block-column is-layout-flow wp-block-column-is-layout-flow\">\n<p class=\"has-text-align-center has-max-48-font-size\">4000+<\/p>\n\n\n\n<p class=\"has-text-align-center has-medium-font-size\"><strong>Dossiers trait\u00e9s<\/strong><\/p>\n<\/div>\n<\/div>\n<\/div>\n<\/div>\n\n\n\n<div style=\"height:20px\" aria-hidden=\"true\" class=\"wp-block-spacer\"><\/div>\n\n\n\n<div style=\"height:20px\" aria-hidden=\"true\" class=\"wp-block-spacer\"><\/div>\n\n\n\n<div style=\"height:20px\" aria-hidden=\"true\" class=\"wp-block-spacer\"><\/div>\n\n\n\n<div class=\"wp-block-cover alignfull has-parallax is-position-center-center\" style=\"border-radius:0px\"><div class=\"wp-block-cover__image-background wp-image-7260 size-full has-parallax\" style=\"background-position:50% 50%;background-image:url(https:\/\/www.alizegl.com\/wp-content\/uploads\/2025\/11\/pexels-kellie-churchman-371878-1001682-scaled.jpg)\"><\/div><span aria-hidden=\"true\" class=\"wp-block-cover__background has-black-background-color has-background-dim-40 has-background-dim\"><\/span><div class=\"wp-block-cover__inner-container is-layout-flow wp-block-cover-is-layout-flow\">\n<div class=\"wp-block-group alignfull has-global-padding is-layout-constrained wp-block-group-is-layout-constrained\">\n<h3 class=\"wp-block-heading has-text-align-center has-text-color has-medium-font-size\" style=\"color:#fffffa;text-transform:uppercase\">UNE QUESTION ?<\/h3>\n\n\n\n<div style=\"height:32px\" aria-hidden=\"true\" class=\"wp-block-spacer\"><\/div>\n\n\n\n<p class=\"has-text-align-center has-white-color has-text-color\">Que vous ayez une question \u00e0 notre sujet, concernant nos services ou si vous avez besoin d&rsquo;un devis, <strong>n&rsquo;h\u00e9sitez pas \u00e0 nous contacter<\/strong>. Notre \u00e9quipe se fera un plaisir de vous aider.<\/p>\n\n\n\n<div style=\"height:31px\" aria-hidden=\"true\" class=\"wp-block-spacer\"><\/div>\n\n\n\n<div class=\"wp-block-buttons is-horizontal is-content-justification-center is-layout-flex wp-container-core-buttons-is-layout-03627597 wp-block-buttons-is-layout-flex\">\n<div class=\"wp-block-button is-style-outline is-style-outline--2\"><a class=\"wp-block-button__link has-white-color has-text-color wp-element-button\" href=\"https:\/\/www.alizegl.com\/index.php\/contact-fr\/\" style=\"border-radius:0px;font-style:normal;font-weight:600\"><strong>NOUS CONTACTER<\/strong><\/a><\/div>\n<\/div>\n<\/div>\n<\/div><\/div>\n\n\n\n<p><\/p>\n","protected":false},"excerpt":{"rendered":"<p>SOLUTIONS LOGISTIQUES INTERNATIONALES TOUT-EN-UN SP\u00c9CIALISTE LOGISTIQUE INTERNATIONAL DE BOUT EN BOUT Chez Aliz\u00e9 Global Logistics, nous pensons que dans une \u00e9conomie mondiale de plus en plus comp\u00e9titive et complexe, il est essentiel d&rsquo;avoir des canaux logistiques parfaitement optimis\u00e9s pour r\u00e9pondre aux exigences toujours plus \u00e9lev\u00e9es du march\u00e9. Gr\u00e2ce \u00e0 nos +20 ans d&rsquo;exp\u00e9rience et \u00e0 &hellip; <\/p>\n<p class=\"link-more\"><a href=\"https:\/\/www.alizegl.com\/\" class=\"more-link\">Lire la suite de<span class=\"screen-reader-text\">\u00ab\u00a0Accueil\u00a0\u00bb<\/span><\/a><\/p>\n","protected":false},"author":1,"featured_media":0,"parent":0,"menu_order":0,"comment_status":"closed","ping_status":"closed","template":"page-templates\/full-width-transparent.php","meta":{"footnotes":""},"class_list":["post-7157","page","type-page","status-publish","hentry"],"featured_media_urls":[],"_links":{"self":[{"href":"https:\/\/www.alizegl.com\/index.php\/wp-json\/wp\/v2\/pages\/7157","targetHints":{"allow":["GET"]}}],"collection":[{"href":"https:\/\/www.alizegl.com\/index.php\/wp-json\/wp\/v2\/pages"}],"about":[{"href":"https:\/\/www.alizegl.com\/index.php\/wp-json\/wp\/v2\/types\/page"}],"author":[{"embeddable":true,"href":"https:\/\/www.alizegl.com\/index.php\/wp-json\/wp\/v2\/users\/1"}],"replies":[{"embeddable":true,"href":"https:\/\/www.alizegl.com\/index.php\/wp-json\/wp\/v2\/comments?post=7157"}],"version-history":[{"count":12,"href":"https:\/\/www.alizegl.com\/index.php\/wp-json\/wp\/v2\/pages\/7157\/revisions"}],"predecessor-version":[{"id":7474,"href":"https:\/\/www.alizegl.com\/index.php\/wp-json\/wp\/v2\/pages\/7157\/revisions\/7474"}],"wp:attachment":[{"href":"https:\/\/www.alizegl.com\/index.php\/wp-json\/wp\/v2\/media?parent=7157"}],"curies":[{"name":"wp","href":"https:\/\/api.w.org\/{rel}","templated":true}]}}